{"id":375,"date":"2018-07-20T08:21:36","date_gmt":"2018-07-20T08:21:36","guid":{"rendered":"http:\/\/themes.muffingroup.com\/be\/estate2\/?page_id=8"},"modified":"2022-04-28T12:35:44","modified_gmt":"2022-04-28T12:35:44","slug":"rolunk","status":"publish","type":"page","link":"https:\/\/habitat.hu\/sites\/eloszto\/rolunk\/","title":{"rendered":"R\u00f3lunk"},"content":{"rendered":"[et_pb_section fb_built=&#8221;1&#8243; _builder_version=&#8221;4.17.3&#8243; _module_preset=&#8221;default&#8221; global_colors_info=&#8221;{}&#8221;][et_pb_row _builder_version=&#8221;4.17.3&#8243; _module_preset=&#8221;default&#8221; global_colors_info=&#8221;{}&#8221;][et_pb_column type=&#8221;4_4&#8243; _builder_version=&#8221;4.17.3&#8243; _module_preset=&#8221;default&#8221; global_colors_info=&#8221;{}&#8221;][et_pb_post_title meta=&#8221;off&#8221; featured_image=&#8221;off&#8221; _builder_version=&#8221;4.17.3&#8243; _module_preset=&#8221;default&#8221; global_colors_info=&#8221;{}&#8221;][\/et_pb_post_title][et_pb_text _builder_version=&#8221;4.17.3&#8243; _module_preset=&#8221;default&#8221; text_font_size=&#8221;20px&#8221; width=&#8221;80%&#8221; module_alignment=&#8221;center&#8221; global_colors_info=&#8221;{}&#8221;]\n<p>Az Eloszt\u00f3 Projekt a magyarorsz\u00e1gi <strong>energiaszeg\u00e9nys\u00e9g<\/strong> probl\u00e9mak\u00f6r\u00e9t t\u00e9rk\u00e9pezi fel \u00f6t civil szervezet \u00f6sszefog\u00e1s\u00e1ban.<\/p>\n<p>Azt t\u0171zt\u00fck ki c\u00e9lul, hogy \u00f6sszegy\u0171jts\u00fck a sz\u00fcks\u00e9ges tud\u00e1st ahhoz, hogy a j\u00f6v\u0151ben eredm\u00e9nyes megold\u00e1sok sz\u00fclessenek az energiaszeg\u00e9nys\u00e9g kih\u00edv\u00e1saira.<\/p>\n[\/et_pb_text][\/et_pb_column][\/et_pb_row][et_pb_row column_structure=&#8221;1_2,1_2&#8243; use_custom_gutter=&#8221;on&#8221; gutter_width=&#8221;1&#8243; make_equal=&#8221;on&#8221; _builder_version=&#8221;4.17.3&#8243; _module_preset=&#8221;default&#8221; background_color=&#8221;#fcd937&#8243; custom_margin=&#8221;||||false|false&#8221; hover_enabled=&#8221;0&#8243; custom_css_main_element=&#8221;align-items:center;&#8221; global_colors_info=&#8221;{}&#8221; custom_padding=&#8221;0px||0px||true|false&#8221; sticky_enabled=&#8221;0&#8243;][et_pb_column type=&#8221;1_2&#8243; _builder_version=&#8221;4.17.3&#8243; _module_preset=&#8221;default&#8221; global_colors_info=&#8221;{}&#8221;][et_pb_image src=&#8221;https:\/\/habitat.hu\/sites\/eloszto\/wp-content\/uploads\/sites\/11\/2022\/02\/fatuzeles_szmog-scaled.jpg&#8221; title_text=&#8221;fat\u00fczel\u00e9s_szmog&#8221; _builder_version=&#8221;4.17.3&#8243; _module_preset=&#8221;default&#8221; global_colors_info=&#8221;{}&#8221;][\/et_pb_image][\/et_pb_column][et_pb_column type=&#8221;1_2&#8243; _builder_version=&#8221;4.17.3&#8243; _module_preset=&#8221;default&#8221; background_enable_color=&#8221;off&#8221; global_colors_info=&#8221;{}&#8221;][et_pb_text _builder_version=&#8221;4.17.3&#8243; _module_preset=&#8221;default&#8221; text_font_size=&#8221;15px&#8221; background_enable_color=&#8221;off&#8221; custom_margin=&#8221;||||false|false&#8221; custom_padding=&#8221;2%|2%|2%|2%|true|true&#8221; global_colors_info=&#8221;{}&#8221;]\n<p><strong>Magyarorsz\u00e1gon sz\u00e1zezrek nem k\u00e9pesek megfelel\u0151en kif\u0171teni otthonukat, vagy az eleve alacsony j\u00f6vedelm\u00fck ar\u00e1nytalanul nagy r\u00e9sz\u00e9t k\u00f6ltik energi\u00e1ra; \u0151ket \u00e9rinti az energiaszeg\u00e9nys\u00e9g.<\/strong><\/p>\n<p><strong>500 ezer h\u00e1ztart\u00e1snak van 60 napon t\u00fali energiasz\u00e1mla h\u00e1tral\u00e9ka, m\u00edg a h\u00e1ztart\u00e1sok t\u00f6bb, mint 40%-a haszn\u00e1l f\u00e1t vagy szenet a f\u0171t\u00e9shez, t\u00f6bbs\u00e9g\u00fck szeg\u00e9nys\u00e9gben \u00e9l.<\/strong><\/p>\n[\/et_pb_text][\/et_pb_column][\/et_pb_row][et_pb_row _builder_version=&#8221;4.17.3&#8243; _module_preset=&#8221;default&#8221; global_colors_info=&#8221;{}&#8221;][et_pb_column type=&#8221;4_4&#8243; _builder_version=&#8221;4.17.3&#8243; _module_preset=&#8221;default&#8221; global_colors_info=&#8221;{}&#8221;][et_pb_text _builder_version=&#8221;4.17.3&#8243; _module_preset=&#8221;default&#8221; text_font_size=&#8221;15px&#8221; header_2_font=&#8221;|700|||||||&#8221; header_2_line_height=&#8221;1.2em&#8221; width=&#8221;80%&#8221; module_alignment=&#8221;center&#8221; global_colors_info=&#8221;{}&#8221;]\n<h2>El\u00e9g energi\u00e1t mindenkinek!<\/h2>\n<p>Az energiaszeg\u00e9nys\u00e9g m\u00e1ra kiemelt t\u00e9m\u00e1v\u00e1 v\u00e1lt az Eur\u00f3pai Uni\u00f3ban. Ennek oka az a felismer\u00e9s, hogy szakter\u00fcleteken \u00e1t\u00edvel\u0151 megold\u00e1sok sz\u00fcks\u00e9gesek mind a szeg\u00e9nys\u00e9g, mind a kl\u00edmav\u00e1ls\u00e1g hat\u00e1sainak m\u00e9rs\u00e9kl\u00e9s\u00e9hez. A j\u00f3 min\u0151s\u00e9g\u0171 lakhat\u00e1s \u00e9s a megfizethet\u0151 energia nem maradhat a tehet\u0151sebb r\u00e9tegek kiv\u00e1lts\u00e1ga.<\/p>\n<p>A 4,4 milli\u00f3 ingatlanb\u00f3l \u00e1ll\u00f3 orsz\u00e1gos lak\u00e1s\u00e1llom\u00e1ny legal\u00e1bb k\u00e9tharmada energetikai szempontb\u00f3l elavult. A szeg\u00e9nyebb h\u00e1ztart\u00e1sok tipikusan rosszabb \u00e1llapot\u00fa, t\u00f6bb energi\u00e1t ig\u00e9nyl\u0151 ingatlanokban laknak, \u00e9s nincs megfelel\u0151 anyagi h\u00e1tter\u00fck, hogy ezen v\u00e1ltoztassanak. Ez\u00e9rt az energiaszeg\u00e9nys\u00e9g lek\u00fczd\u00e9s\u00e9hez k\u00fcls\u0151 t\u00e1mogat\u00e1sra van sz\u00fcks\u00e9g.<\/p>\n<p>\u00c1t kell l\u00e1tni \u00e9s elemezni kell az el\u00e9rhet\u0151 statisztik\u00e1kat \u00e9s szakpolitikai h\u00e1tteret; meg\u00e9rteni, hogy helyi \u00f6nkorm\u00e1nyzati szinten milyen vet\u00fcletei vannak ennek a jelens\u00e9gnek; \u00e9s nem utols\u00f3 sorban betekint\u00e9st nyerni az \u00e9rintettek szemsz\u00f6g\u00e9b\u0151l a mindennapi probl\u00e9m\u00e1kba.<\/p>\n<p>A helyi szint meg\u00e9rt\u00e9s\u00e9hez k\u00e9t konkr\u00e9t mintater\u00fcleten k\u00e9sz\u00edt\u00fcnk esettanulm\u00e1nyt. Az egyik Kispest, egy olyan budapesti ker\u00fclet, ahol megtal\u00e1lhat\u00f3 a f\u0151v\u00e1rosban el\u0151fordul\u00f3 legt\u00f6bb ingatlant\u00edpus. A m\u00e1sik egy Baranya megyei apr\u00f3 zs\u00e1kfalu, \u00c1g, ahol energiaszeg\u00e9nys\u00e9gi strat\u00e9gia k\u00e9sz\u00fcl. Ide a g\u00e1zh\u00e1l\u00f3zat m\u00e1r nem \u00e9r el, a lak\u00f3k nagy r\u00e9sze a szeg\u00e9nys\u00e9gi k\u00fcsz\u00f6b alatt \u00e9l.<\/p>\n<p>A 2020. november\u00e9ig tart\u00f3 projekt keret\u00e9ben tov\u00e1bbi kiemelt t\u00e9m\u00e1ink a szil\u00e1rdt\u00fczel\u00e9s \u00e9s az energiaszeg\u00e9nys\u00e9g szempontj\u00e1b\u00f3l legs\u00e9r\u00fcl\u00e9kenyebb csoportok azonos\u00edt\u00e1sa. Ezen fel\u00fcl egy\u00fcttm\u0171k\u00f6d\u00e9seket \u00e9p\u00edtett\u00fcnk ki sz\u00e1mos olyan nemzetk\u00f6zi \u00e9s hazai szerepl\u0151vel, akik jelent\u0151s tapasztalattal, tud\u00e1ssal rendelkeznek az energiaszeg\u00e9nys\u00e9g t\u00e9m\u00e1j\u00e1ban.<\/p>\n[\/et_pb_text][et_pb_button button_url=&#8221;https:\/\/habitat.hu\/sites\/eloszto\/rolunk\/szervezetek&#8221; button_text=&#8221;Szervezeteink&#8221; button_alignment=&#8221;center&#8221; admin_label=&#8221;Szervezeteink&#8221; _builder_version=&#8221;4.17.3&#8243; _module_preset=&#8221;default&#8221; custom_button=&#8221;on&#8221; button_text_color=&#8221;#000000&#8243; button_bg_color=&#8221;#fcd937&#8243; button_border_color=&#8221;#000000&#8243; hover_enabled=&#8221;0&#8243; custom_css_main_element=&#8221;width:100%;&#8221; global_colors_info=&#8221;{}&#8221; theme_builder_area=&#8221;post_content&#8221; sticky_enabled=&#8221;0&#8243;][\/et_pb_button][\/et_pb_column][\/et_pb_row][\/et_pb_section]\n","protected":false},"excerpt":{"rendered":"<p>Az Eloszt\u00f3 Projekt a magyarorsz\u00e1gi energiaszeg\u00e9nys\u00e9g probl\u00e9mak\u00f6r\u00e9t t\u00e9rk\u00e9pezi fel \u00f6t civil szervezet \u00f6sszefog\u00e1s\u00e1ban. Azt t\u0171zt\u00fck ki c\u00e9lul, hogy \u00f6sszegy\u0171jts\u00fck a sz\u00fcks\u00e9ges tud\u00e1st ahhoz, hogy a j\u00f6v\u0151ben eredm\u00e9nyes megold\u00e1sok sz\u00fclessenek az energiaszeg\u00e9nys\u00e9g kih\u00edv\u00e1saira.Magyarorsz\u00e1gon sz\u00e1zezrek nem k\u00e9pesek megfelel\u0151en kif\u0171teni otthonukat, vagy az eleve alacsony j\u00f6vedelm\u00fck ar\u00e1nytalanul nagy r\u00e9sz\u00e9t k\u00f6ltik energi\u00e1ra; \u0151ket \u00e9rinti az energiaszeg\u00e9nys\u00e9g. 500 ezer h\u00e1ztart\u00e1snak [&hellip;]<\/p>\n","protected":false},"author":6,"featured_media":0,"parent":0,"menu_order":0,"comment_status":"closed","ping_status":"closed","template":"","meta":{"_et_pb_use_builder":"on","_et_pb_old_content":"","_et_gb_content_width":"","footnotes":""},"class_list":["post-375","page","type-page","status-publish","hentry"],"yoast_head":"<!-- This site is optimized with the Yoast SEO plugin v27.1.1 - https:\/\/yoast.com\/product\/yoast-seo-wordpress\/ -->\n<title>R\u00f3lunk - Eloszt\u00f3 Projekt<\/title>\n<meta name=\"robots\" content=\"index, follow, max-snippet:-1, max-image-preview:large, max-video-preview:-1\" \/>\n<link rel=\"canonical\" href=\"https:\/\/habitat.hu\/sites\/eloszto\/rolunk\/\" \/>\n<meta property=\"og:locale\" content=\"hu_HU\" \/>\n<meta property=\"og:type\" content=\"article\" \/>\n<meta property=\"og:title\" content=\"R\u00f3lunk - Eloszt\u00f3 Projekt\" \/>\n<meta property=\"og:description\" content=\"Az Eloszt\u00f3 Projekt a magyarorsz\u00e1gi energiaszeg\u00e9nys\u00e9g probl\u00e9mak\u00f6r\u00e9t t\u00e9rk\u00e9pezi fel \u00f6t civil szervezet \u00f6sszefog\u00e1s\u00e1ban. Azt t\u0171zt\u00fck ki c\u00e9lul, hogy \u00f6sszegy\u0171jts\u00fck a sz\u00fcks\u00e9ges tud\u00e1st ahhoz, hogy a j\u00f6v\u0151ben eredm\u00e9nyes megold\u00e1sok sz\u00fclessenek az energiaszeg\u00e9nys\u00e9g kih\u00edv\u00e1saira.Magyarorsz\u00e1gon sz\u00e1zezrek nem k\u00e9pesek megfelel\u0151en kif\u0171teni otthonukat, vagy az eleve alacsony j\u00f6vedelm\u00fck ar\u00e1nytalanul nagy r\u00e9sz\u00e9t k\u00f6ltik energi\u00e1ra; \u0151ket \u00e9rinti az energiaszeg\u00e9nys\u00e9g. 500 ezer h\u00e1ztart\u00e1snak [&hellip;]\" \/>\n<meta property=\"og:url\" content=\"https:\/\/habitat.hu\/sites\/eloszto\/rolunk\/\" \/>\n<meta property=\"og:site_name\" content=\"Eloszt\u00f3 Projekt\" \/>\n<meta property=\"article:modified_time\" content=\"2022-04-28T12:35:44+00:00\" \/>\n<meta name=\"twitter:card\" content=\"summary_large_image\" \/>\n<meta name=\"twitter:label1\" content=\"Becs\u00fclt olvas\u00e1si id\u0151\" \/>\n\t<meta name=\"twitter:data1\" content=\"4 perc\" \/>\n<script type=\"application\/ld+json\" class=\"yoast-schema-graph\">{\"@context\":\"https:\/\/schema.org\",\"@graph\":[{\"@type\":\"WebPage\",\"@id\":\"https:\/\/habitat.hu\/sites\/eloszto\/rolunk\/\",\"url\":\"https:\/\/habitat.hu\/sites\/eloszto\/rolunk\/\",\"name\":\"R\u00f3lunk - Eloszt\u00f3 Projekt\",\"isPartOf\":{\"@id\":\"https:\/\/habitat.hu\/sites\/eloszto\/#website\"},\"datePublished\":\"2018-07-20T08:21:36+00:00\",\"dateModified\":\"2022-04-28T12:35:44+00:00\",\"breadcrumb\":{\"@id\":\"https:\/\/habitat.hu\/sites\/eloszto\/rolunk\/#breadcrumb\"},\"inLanguage\":\"hu\",\"potentialAction\":[{\"@type\":\"ReadAction\",\"target\":[\"https:\/\/habitat.hu\/sites\/eloszto\/rolunk\/\"]}]},{\"@type\":\"BreadcrumbList\",\"@id\":\"https:\/\/habitat.hu\/sites\/eloszto\/rolunk\/#breadcrumb\",\"itemListElement\":[{\"@type\":\"ListItem\",\"position\":1,\"name\":\"Home\",\"item\":\"https:\/\/habitat.hu\/sites\/eloszto\/\"},{\"@type\":\"ListItem\",\"position\":2,\"name\":\"R\u00f3lunk\"}]},{\"@type\":\"WebSite\",\"@id\":\"https:\/\/habitat.hu\/sites\/eloszto\/#website\",\"url\":\"https:\/\/habitat.hu\/sites\/eloszto\/\",\"name\":\"Eloszt\u00f3 Projekt\",\"description\":\"\",\"potentialAction\":[{\"@type\":\"SearchAction\",\"target\":{\"@type\":\"EntryPoint\",\"urlTemplate\":\"https:\/\/habitat.hu\/sites\/eloszto\/?s={search_term_string}\"},\"query-input\":{\"@type\":\"PropertyValueSpecification\",\"valueRequired\":true,\"valueName\":\"search_term_string\"}}],\"inLanguage\":\"hu\"}]}<\/script>\n<!-- \/ Yoast SEO plugin. -->","yoast_head_json":{"title":"R\u00f3lunk - Eloszt\u00f3 Projekt","robots":{"index":"index","follow":"follow","max-snippet":"max-snippet:-1","max-image-preview":"max-image-preview:large","max-video-preview":"max-video-preview:-1"},"canonical":"https:\/\/habitat.hu\/sites\/eloszto\/rolunk\/","og_locale":"hu_HU","og_type":"article","og_title":"R\u00f3lunk - Eloszt\u00f3 Projekt","og_description":"Az Eloszt\u00f3 Projekt a magyarorsz\u00e1gi energiaszeg\u00e9nys\u00e9g probl\u00e9mak\u00f6r\u00e9t t\u00e9rk\u00e9pezi fel \u00f6t civil szervezet \u00f6sszefog\u00e1s\u00e1ban. Azt t\u0171zt\u00fck ki c\u00e9lul, hogy \u00f6sszegy\u0171jts\u00fck a sz\u00fcks\u00e9ges tud\u00e1st ahhoz, hogy a j\u00f6v\u0151ben eredm\u00e9nyes megold\u00e1sok sz\u00fclessenek az energiaszeg\u00e9nys\u00e9g kih\u00edv\u00e1saira.Magyarorsz\u00e1gon sz\u00e1zezrek nem k\u00e9pesek megfelel\u0151en kif\u0171teni otthonukat, vagy az eleve alacsony j\u00f6vedelm\u00fck ar\u00e1nytalanul nagy r\u00e9sz\u00e9t k\u00f6ltik energi\u00e1ra; \u0151ket \u00e9rinti az energiaszeg\u00e9nys\u00e9g. 500 ezer h\u00e1ztart\u00e1snak [&hellip;]","og_url":"https:\/\/habitat.hu\/sites\/eloszto\/rolunk\/","og_site_name":"Eloszt\u00f3 Projekt","article_modified_time":"2022-04-28T12:35:44+00:00","twitter_card":"summary_large_image","twitter_misc":{"Becs\u00fclt olvas\u00e1si id\u0151":"4 perc"},"schema":{"@context":"https:\/\/schema.org","@graph":[{"@type":"WebPage","@id":"https:\/\/habitat.hu\/sites\/eloszto\/rolunk\/","url":"https:\/\/habitat.hu\/sites\/eloszto\/rolunk\/","name":"R\u00f3lunk - Eloszt\u00f3 Projekt","isPartOf":{"@id":"https:\/\/habitat.hu\/sites\/eloszto\/#website"},"datePublished":"2018-07-20T08:21:36+00:00","dateModified":"2022-04-28T12:35:44+00:00","breadcrumb":{"@id":"https:\/\/habitat.hu\/sites\/eloszto\/rolunk\/#breadcrumb"},"inLanguage":"hu","potentialAction":[{"@type":"ReadAction","target":["https:\/\/habitat.hu\/sites\/eloszto\/rolunk\/"]}]},{"@type":"BreadcrumbList","@id":"https:\/\/habitat.hu\/sites\/eloszto\/rolunk\/#breadcrumb","itemListElement":[{"@type":"ListItem","position":1,"name":"Home","item":"https:\/\/habitat.hu\/sites\/eloszto\/"},{"@type":"ListItem","position":2,"name":"R\u00f3lunk"}]},{"@type":"WebSite","@id":"https:\/\/habitat.hu\/sites\/eloszto\/#website","url":"https:\/\/habitat.hu\/sites\/eloszto\/","name":"Eloszt\u00f3 Projekt","description":"","potentialAction":[{"@type":"SearchAction","target":{"@type":"EntryPoint","urlTemplate":"https:\/\/habitat.hu\/sites\/eloszto\/?s={search_term_string}"},"query-input":{"@type":"PropertyValueSpecification","valueRequired":true,"valueName":"search_term_string"}}],"inLanguage":"hu"}]}},"_links":{"self":[{"href":"https:\/\/habitat.hu\/sites\/eloszto\/wp-json\/wp\/v2\/pages\/375","targetHints":{"allow":["GET"]}}],"collection":[{"href":"https:\/\/habitat.hu\/sites\/eloszto\/wp-json\/wp\/v2\/pages"}],"about":[{"href":"https:\/\/habitat.hu\/sites\/eloszto\/wp-json\/wp\/v2\/types\/page"}],"author":[{"embeddable":true,"href":"https:\/\/habitat.hu\/sites\/eloszto\/wp-json\/wp\/v2\/users\/6"}],"replies":[{"embeddable":true,"href":"https:\/\/habitat.hu\/sites\/eloszto\/wp-json\/wp\/v2\/comments?post=375"}],"version-history":[{"count":14,"href":"https:\/\/habitat.hu\/sites\/eloszto\/wp-json\/wp\/v2\/pages\/375\/revisions"}],"predecessor-version":[{"id":1218,"href":"https:\/\/habitat.hu\/sites\/eloszto\/wp-json\/wp\/v2\/pages\/375\/revisions\/1218"}],"wp:attachment":[{"href":"https:\/\/habitat.hu\/sites\/eloszto\/wp-json\/wp\/v2\/media?parent=375"}],"curies":[{"name":"wp","href":"https:\/\/api.w.org\/{rel}","templated":true}]}}