{"id":376,"date":"2019-10-03T15:05:59","date_gmt":"2019-10-03T15:05:59","guid":{"rendered":"https:\/\/www.elosztoprojekt.hu\/?page_id=126"},"modified":"2022-04-28T09:00:47","modified_gmt":"2022-04-28T09:00:47","slug":"energiaszegenyseg","status":"publish","type":"page","link":"https:\/\/habitat.hu\/sites\/eloszto\/temak\/energiaszegenyseg\/","title":{"rendered":"MIT JELENT AZ ENERGIASZEG\u00c9NYS\u00c9G"},"content":{"rendered":"[et_pb_section fb_built=&#8221;1&#8243; _builder_version=&#8221;4.16&#8243; global_colors_info=&#8221;{}&#8221;][et_pb_row _builder_version=&#8221;4.16&#8243; background_size=&#8221;initial&#8221; background_position=&#8221;top_left&#8221; background_repeat=&#8221;repeat&#8221; global_colors_info=&#8221;{}&#8221;][et_pb_column type=&#8221;4_4&#8243; _builder_version=&#8221;4.16&#8243; custom_padding=&#8221;|||&#8221; global_colors_info=&#8221;{}&#8221; custom_padding__hover=&#8221;|||&#8221;][et_pb_post_title meta=&#8221;off&#8221; featured_image=&#8221;off&#8221; _builder_version=&#8221;4.17.3&#8243; _module_preset=&#8221;default&#8221; global_colors_info=&#8221;{}&#8221;][\/et_pb_post_title][et_pb_text _builder_version=&#8221;4.17.3&#8243; _module_preset=&#8221;default&#8221; header_2_text_align=&#8221;center&#8221; header_2_text_color=&#8221;#000000&#8243; header_2_font_size=&#8221;30px&#8221; header_2_line_height=&#8221;1.2em&#8221; global_colors_info=&#8221;{}&#8221;]\n<div class=\"infogram-embed\" data-id=\"_\/vZdFPak67fLgWFNiDMcB\" data-type=\"interactive\" data-title=\"Energiaszeg\u00e9nys\u00e9g\"><\/div>\n<p><script>!function(e,i,n,s){var t=\"InfogramEmbeds\",d=e.getElementsByTagName(\"script\")[0];if(window[t]&&window[t].initialized)window[t].process&&window[t].process();else if(!e.getElementById(n)){var o=e.createElement(\"script\");o.async=1,o.id=n,o.src=\"https:\/\/e.infogram.com\/js\/dist\/embed-loader-min.js\",d.parentNode.insertBefore(o,d)}}(document,0,\"infogram-async\");<\/script>[\/et_pb_text][et_pb_button button_url=&#8221;https:\/\/habitat.hu\/sites\/eloszto\/temak&#8221; button_text=&#8221;Vissza a t\u00e9m\u00e1khoz&#8221; button_alignment=&#8221;center&#8221; _builder_version=&#8221;4.17.3&#8243; _module_preset=&#8221;default&#8221; custom_button=&#8221;on&#8221; button_text_color=&#8221;#000000&#8243; button_bg_color=&#8221;#fcd937&#8243; button_border_color=&#8221;#000000&#8243; hover_enabled=&#8221;0&#8243; custom_css_main_element=&#8221;width:100%;&#8221; global_colors_info=&#8221;{}&#8221; admin_label=&#8221;Vissza a t\u00e9m\u00e1khoz&#8221; sticky_enabled=&#8221;0&#8243; global_module=&#8221;1058&#8243; saved_tabs=&#8221;all&#8221;][\/et_pb_button][\/et_pb_column][\/et_pb_row][\/et_pb_section]\n","protected":false},"excerpt":{"rendered":"","protected":false},"author":6,"featured_media":0,"parent":122,"menu_order":0,"comment_status":"closed","ping_status":"closed","template":"","meta":{"_et_pb_use_builder":"on","_et_pb_old_content":"<p>Mindennapi \u00e9let\u00fcnk alapvet\u0151 felt\u00e9tele az otthonunkban felhaszn\u00e1lt energia; ez biztos\u00edtja a vil\u00e1g\u00edt\u00e1s, a f\u0171t\u00e9s, a f\u0151z\u00e9s \u00e9s sz\u00e1mos berendez\u00e9s \u00e9s haszn\u00e1lati t\u00e1rgy m\u0171k\u00f6d\u00e9s\u00e9t. Aki nem engedheti meg mag\u00e1nak, hogy elegend\u0151 energi\u00e1hoz jusson, h\u00e1tr\u00e1nyt szenved az \u00e9let sz\u00e1mos m\u00e1s ter\u00fclet\u00e9n is. Az energiaszeg\u00e9nys\u00e9g \u00f6sszetett jelens\u00e9g, melynek sz\u00e1mos t\u00e9nyez\u0151je \u00e9s hat\u00e1sa van, az energiahat\u00e9konys\u00e1gt\u00f3l kezdve az \u00e1llami t\u00e1mogat\u00e1sok rendszer\u00e9n kereszt\u00fcl az eg\u00e9szs\u00e9g\u00fcgyi kock\u00e1zatokig. Egy h\u00e1ztart\u00e1st akkor nevez\u00fcnk energiaszeg\u00e9nynek, ha az nem k\u00e9pes megfizetni a f\u0171t\u00e9s vagy az egy\u00e9b alapvet\u0151 energiaszolg\u00e1ltat\u00e1sok olyan szintj\u00e9t, mely a tisztess\u00e9ges \u00e9letmin\u0151s\u00e9ghez sz\u00fcks\u00e9ges. Hogyan m\u00e9rj\u00fck \u00e9s ki sz\u00e1m\u00edt energiaszeg\u00e9nynek? Magyarorsz\u00e1gon jelenleg nincs hivatalos defin\u00edci\u00f3ja \u00e9s m\u00e9r\u0151sz\u00e1ma az energiaszeg\u00e9nys\u00e9gnek. Mivel a k\u00fcl\u00f6nb\u00f6z\u0151 orsz\u00e1gok adotts\u00e1gai \u00e9s az el\u00e9rhet\u0151 adatok is nagyon elt\u00e9r\u0151ek, az Eur\u00f3pai Uni\u00f3 arra \u00f6szt\u00f6nzi a tag\u00e1llamokat, hogy helyi szinten hat\u00e1rozz\u00e1k meg \u00e9s m\u00e9rj\u00e9k ezt a jelens\u00e9get. . Az energiaszeg\u00e9nys\u00e9g f\u0151bb t\u00e9nyez\u0151i H\u00e1ztart\u00e1sok anyagi helyzete Bev\u00e9telek Szoci\u00e1lis juttat\u00e1sok Energiahordoz\u00f3k \u00e1ra Piaci \u00e1rak Szab\u00e1lyoz\u00e1s Szolg\u00e1ltat\u00f3k Piaci \u00e1rak Szolg\u00e1ltat\u00f3k Energi\u00e1hoz val\u00f3 hozz\u00e1f\u00e9r\u00e9s K\u00f6zm\u0171ell\u00e1totts\u00e1g Szil\u00e1rd t\u00fczel\u0151k Lak\u00e1smin\u0151s\u00e9g A lak\u00e1s m\u0171szaki \u00e1llapota A lak\u00e1s h\u0151ig\u00e9nye (h\u0151szigetel\u00e9s m\u00e9rt\u00e9ke) M\u0171szaki felszerelts\u00e9g F\u0171t\u00e9si rendszer Lak\u00e1sh\u0171t\u00e9s H\u00e1ztart\u00e1si g\u00e9pek energiafogyaszt\u00e1sa Id\u0151j\u00e1r\u00e1s \u00e9s \u00e9ghajlat F\u0171t\u00e9si napok sz\u00e1ma Sz\u00e9ls\u0151s\u00e9ges id\u0151j\u00e1r\u00e1s Helyi adotts\u00e1gok Szakpolitikai h\u00e1tt\u00e9r Szab\u00e1lyoz\u00e1sok T\u00e1mogat\u00e1sok A kutat\u00f3k \u00e1ltal\u00e1ban h\u00e1rom megk\u00f6zel\u00edt\u00e9s szerint hat\u00e1rozz\u00e1k meg, ki sz\u00e1m\u00edt energiaszeg\u00e9nynek: Forr\u00e1s: Thomson et al. 2017 Kiad\u00e1sok alapj\u00e1n A h\u00e1ztart\u00e1sok energia kiad\u00e1sai, nett\u00f3 j\u00f6vedelme \u00e9s\/vagy ezek ar\u00e1nya egy abszol\u00fat vagy relat\u00edv hat\u00e1r\u00e9rt\u00e9khez hasonl\u00edtva. Tapasztalati mutat\u00f3k alapj\u00e1n A lak\u00e1smin\u0151s\u00e9g (pl. be\u00e1z\u00e1s) \u00e9s bizonyos alapvet\u0151 sz\u00fcks\u00e9gletek kiel\u00e9g\u00edt\u00e9s\u00e9nek k\u00e9pess\u00e9ge (pl. lak\u00e1s kif\u0171t\u00e9se) a lak\u00f3k \u00e9rt\u00e9kel\u00e9se szerint. K\u00f6zvetlen m\u00e9r\u0151sz\u00e1mok alapj\u00e1n A h\u00e1ztart\u00e1sban t\u00e9nylegesen megtapasztalt energiaszolg\u00e1ltat\u00e1s szintje egy meghat\u00e1rozott szinthez k\u00e9pest - pl. h\u00e1ny fokra van felf\u0171tve a lak\u00e1s. 1. 2. 3. Energiakiad\u00e1sok m\u00e9rt\u00e9ke Ahhoz, hogy meg\u00e1llap\u00edtsuk, mennyire megterhel\u0151 a h\u00e1ztart\u00e1sok sz\u00e1m\u00e1ra energia-sz\u00fcks\u00e9gleteinek kiel\u00e9g\u00edt\u00e9se fontos megvizsg\u00e1lnunk, hogy j\u00f6vedelm\u00fck mekkora r\u00e9sz\u00e9t ford\u00edtj\u00e1k energiaszolg\u00e1ltat\u00e1sokra vagy egy\u00e9b energiahordoz\u00f3kra (pl. t\u0171zifa). Az energiaszeg\u00e9nys\u00e9g egyik leggyakrabban haszn\u00e1lt m\u00e9r\u0151sz\u00e1ma a 2M indik\u00e1tor. Ezt \u00fagy kapjuk, hogy a lakoss\u00e1g j\u00f6vedelm\u00e9nek energi\u00e1ra ford\u00edtott ar\u00e1ny\u00e1nak medi\u00e1n\u00e9rt\u00e9k\u00e9t megdupl\u00e1zzuk; ezen hat\u00e1r\u00e9rt\u00e9ket t\u00fall\u00e9p\u0151 h\u00e1ztart\u00e1sok sz\u00e1m\u00edtanak energiaszeg\u00e9nynek. Ez a mutat\u00f3 alapj\u00e1n 2015-ben a h\u00e1ztart\u00e1sok 10%-a volt \u00e9rintett*. A 2M indik\u00e1tor azonban nem tartalmaz a h\u00e1ztart\u00e1sok j\u00f6vedelm\u00e9re vonatkoz\u00f3 t\u00e9nyez\u0151t. Egy m\u00e1sik m\u00f3dszertan szerint azok sz\u00e1m\u00edtanak energiaszeg\u00e9nynek, akik miut\u00e1n nett\u00f3 j\u00f6vedelm\u00fckb\u0151l az energiakiad\u00e1saik \u00f6sszege levon\u00e1sra ker\u00fcl, az aktu\u00e1lis szeg\u00e9nys\u00e9gi k\u00fcsz\u00f6b al\u00e1 ker\u00fclnek. A fenti sz\u00e1m\u00edt\u00e1sokat magyarorsz\u00e1gi viszonylatban el\u0151sz\u00f6r az Energiaklub a KSH-val egy\u00fcttm\u0171k\u00f6dve v\u00e9gezte el \u00e9s publik\u00e1lta egy 2014-es tanulm\u00e1nyban. A KSH 2012-es H\u00e1ztart\u00e1si k\u00f6lts\u00e9gvet\u00e9si \u00e9s \u00e9letk\u00f6r\u00fclm\u00e9ny adatfelv\u00e9tele alapj\u00e1n a 2M indik\u00e1tor szerint szint\u00e9n a h\u00e1ztart\u00e1sok 10%-a volt \u00e9rintett. Teh\u00e1t elmondhatjuk, hogy az elm\u00falt \u00e9vekben nem t\u00f6rt\u00e9nt v\u00e1ltoz\u00e1s ebben a tekintetben. A fent eml\u00edtett tanulm\u00e1ny r\u00e1mutat a m\u00f3dszertan azon hi\u00e1nyoss\u00e1g\u00e1ra, hogy \"nem der\u00fcl ki, hogy a h\u00e1ztart\u00e1s megfelel\u0151 h\u0151m\u00e9rs\u00e9klet\u0171re tudta-e felf\u0171teni otthon\u00e1t, vagy esetleg t\u00fal is f\u0171t\u00f6tte, illetve, hogy esetleg (r\u00e9szben) maga gy\u0171jti a t\u0171zif\u00e1t, \u00e9s nem fizet \u00e9rte.\" Eurostat adatok Az Eurostat minden \u00e9vben k\u00f6z\u00f6l h\u00e1rom, az energiaszeg\u00e9nys\u00e9ggel szorosan \u00f6sszef\u00fcgg\u0151 adatt\u00e1bl\u00e1t minden tag\u00e1llamra vonatkoz\u00f3an. A magyarorsz\u00e1gi adatokat a KSH szolg\u00e1ltatja. A teljes n\u00e9pess\u00e9g tekintet\u00e9ben a magyar lakosok nem k\u00f6ltik j\u00f6vedelm\u00fck kir\u00edv\u00f3an magas sz\u00e1zal\u00e9k\u00e1t energi\u00e1ra. Azonban, ha a t\u00e1rsadalom legszeg\u00e9nyebb 20%-\u00e1t vizsg\u00e1ljuk lehangol\u00f3bb k\u00e9pet kapunk. A helyzetet rontja, hogy az orsz\u00e1g \u00e9p\u00fclet\u00e1llom\u00e1ny\u00e1nak t\u00falnyom\u00f3 r\u00e9sze m\u0171szaki \u00e9s energetikai szempontb\u00f3l nem felel meg a korszer\u0171 k\u00f6vetelm\u00e9nyeknek. Egy 2019-es tanulm\u00e1ny 4 t\u00e9nyez\u0151 szerint elemezte az EU-s orsz\u00e1gok n\u00e9pess\u00e9g\u00e9nek legszeg\u00e9nyebb j\u00f6vedelmi \u00f6t\u00f6deinek energiaszeg\u00e9nys\u00e9gi helyzet\u00e9t: a h\u00e1ztart\u00e1si energiakiad\u00e1sok a j\u00f6vedelmek magas %-\u00e1t teszik ki h\u00e1ztart\u00e1sok ar\u00e1nya, akik t\u00e9len nem k\u00e9pesek megfelel\u0151 szinten kif\u0171teni lak\u00e1sukat h\u00e1ztart\u00e1sok ar\u00e1nya, akik ny\u00e1ron nem k\u00e9pesek megfelel\u0151 szinten h\u0171teni lak\u00e1sukat h\u00e1ztart\u00e1sok ar\u00e1nya, akik rosszul szigetelt, nedves, pen\u00e9szes lak\u00e1sban \u00e9lnek Eur\u00f3pai h\u00e1ztart\u00e1si energiaszeg\u00e9nys\u00e9gi index 2017-es adatok Ezeket \u00f6sszes\u00edtve, az eur\u00f3pai h\u00e1ztart\u00e1si energiaszeg\u00e9nys\u00e9gi index (EDEPI) szerint Magyarorsz\u00e1g \u00e1ll a m\u00e1sodik legrosszabb helyen az EU-s rangsorban. Az Eloszt\u00f3 projekt egyik c\u00e9lkit\u0171z\u00e9se, hogy hazai \u00e9s nemzetk\u00f6zi szakemberek bevon\u00e1s\u00e1val javaslatot tegyen a magyarorsz\u00e1gi energiaszeg\u00e9nys\u00e9g defin\u00edci\u00f3j\u00e1ra \u00e9s m\u00e9r\u00e9s\u00e9nek m\u00f3dszertan\u00e1ra, indik\u00e1toraira.<\/p>","_et_gb_content_width":"","footnotes":""},"class_list":["post-376","page","type-page","status-publish","hentry"],"yoast_head":"<!-- This site is optimized with the Yoast SEO plugin v27.1.1 - https:\/\/yoast.com\/product\/yoast-seo-wordpress\/ -->\n<title>MIT JELENT AZ ENERGIASZEG\u00c9NYS\u00c9G - Eloszt\u00f3 Projekt<\/title>\n<meta name=\"description\" content=\"Mindennapi \u00e9let\u00fcnk alapvet\u0151 felt\u00e9tele az otthonunkban felhaszn\u00e1lt energia; sz\u00e1mos berendez\u00e9s \u00e9s haszn\u00e1lati t\u00e1rgy m\u0171k\u00f6d\u00e9s\u00e9t.\" \/>\n<meta name=\"robots\" content=\"index, follow, max-snippet:-1, max-image-preview:large, max-video-preview:-1\" \/>\n<link rel=\"canonical\" href=\"https:\/\/habitat.hu\/sites\/eloszto\/temak\/energiaszegenyseg\/\" \/>\n<meta property=\"og:locale\" content=\"hu_HU\" \/>\n<meta property=\"og:type\" content=\"article\" \/>\n<meta property=\"og:title\" content=\"MIT JELENT AZ ENERGIASZEG\u00c9NYS\u00c9G - Eloszt\u00f3 Projekt\" \/>\n<meta property=\"og:description\" content=\"Mindennapi \u00e9let\u00fcnk alapvet\u0151 felt\u00e9tele az otthonunkban felhaszn\u00e1lt energia; sz\u00e1mos berendez\u00e9s \u00e9s haszn\u00e1lati t\u00e1rgy m\u0171k\u00f6d\u00e9s\u00e9t.\" \/>\n<meta property=\"og:url\" content=\"https:\/\/habitat.hu\/sites\/eloszto\/temak\/energiaszegenyseg\/\" \/>\n<meta property=\"og:site_name\" content=\"Eloszt\u00f3 Projekt\" \/>\n<meta property=\"article:modified_time\" content=\"2022-04-28T09:00:47+00:00\" \/>\n<meta name=\"twitter:card\" content=\"summary_large_image\" \/>\n<meta name=\"twitter:label1\" content=\"Becs\u00fclt olvas\u00e1si id\u0151\" \/>\n\t<meta name=\"twitter:data1\" content=\"1 perc\" \/>\n<script type=\"application\/ld+json\" class=\"yoast-schema-graph\">{\"@context\":\"https:\/\/schema.org\",\"@graph\":[{\"@type\":\"WebPage\",\"@id\":\"https:\/\/habitat.hu\/sites\/eloszto\/temak\/energiaszegenyseg\/\",\"url\":\"https:\/\/habitat.hu\/sites\/eloszto\/temak\/energiaszegenyseg\/\",\"name\":\"MIT JELENT AZ ENERGIASZEG\u00c9NYS\u00c9G - Eloszt\u00f3 Projekt\",\"isPartOf\":{\"@id\":\"https:\/\/habitat.hu\/sites\/eloszto\/#website\"},\"datePublished\":\"2019-10-03T15:05:59+00:00\",\"dateModified\":\"2022-04-28T09:00:47+00:00\",\"description\":\"Mindennapi \u00e9let\u00fcnk alapvet\u0151 felt\u00e9tele az otthonunkban felhaszn\u00e1lt energia; sz\u00e1mos berendez\u00e9s \u00e9s haszn\u00e1lati t\u00e1rgy m\u0171k\u00f6d\u00e9s\u00e9t.\",\"breadcrumb\":{\"@id\":\"https:\/\/habitat.hu\/sites\/eloszto\/temak\/energiaszegenyseg\/#breadcrumb\"},\"inLanguage\":\"hu\",\"potentialAction\":[{\"@type\":\"ReadAction\",\"target\":[\"https:\/\/habitat.hu\/sites\/eloszto\/temak\/energiaszegenyseg\/\"]}]},{\"@type\":\"BreadcrumbList\",\"@id\":\"https:\/\/habitat.hu\/sites\/eloszto\/temak\/energiaszegenyseg\/#breadcrumb\",\"itemListElement\":[{\"@type\":\"ListItem\",\"position\":1,\"name\":\"Home\",\"item\":\"https:\/\/habitat.hu\/sites\/eloszto\/\"},{\"@type\":\"ListItem\",\"position\":2,\"name\":\"T\u00e9m\u00e1k\",\"item\":\"https:\/\/habitat.hu\/sites\/eloszto\/temak\/\"},{\"@type\":\"ListItem\",\"position\":3,\"name\":\"MIT JELENT AZ ENERGIASZEG\u00c9NYS\u00c9G\"}]},{\"@type\":\"WebSite\",\"@id\":\"https:\/\/habitat.hu\/sites\/eloszto\/#website\",\"url\":\"https:\/\/habitat.hu\/sites\/eloszto\/\",\"name\":\"Eloszt\u00f3 Projekt\",\"description\":\"\",\"potentialAction\":[{\"@type\":\"SearchAction\",\"target\":{\"@type\":\"EntryPoint\",\"urlTemplate\":\"https:\/\/habitat.hu\/sites\/eloszto\/?s={search_term_string}\"},\"query-input\":{\"@type\":\"PropertyValueSpecification\",\"valueRequired\":true,\"valueName\":\"search_term_string\"}}],\"inLanguage\":\"hu\"}]}<\/script>\n<!-- \/ Yoast SEO plugin. -->","yoast_head_json":{"title":"MIT JELENT AZ ENERGIASZEG\u00c9NYS\u00c9G - Eloszt\u00f3 Projekt","description":"Mindennapi \u00e9let\u00fcnk alapvet\u0151 felt\u00e9tele az otthonunkban felhaszn\u00e1lt energia; sz\u00e1mos berendez\u00e9s \u00e9s haszn\u00e1lati t\u00e1rgy m\u0171k\u00f6d\u00e9s\u00e9t.","robots":{"index":"index","follow":"follow","max-snippet":"max-snippet:-1","max-image-preview":"max-image-preview:large","max-video-preview":"max-video-preview:-1"},"canonical":"https:\/\/habitat.hu\/sites\/eloszto\/temak\/energiaszegenyseg\/","og_locale":"hu_HU","og_type":"article","og_title":"MIT JELENT AZ ENERGIASZEG\u00c9NYS\u00c9G - Eloszt\u00f3 Projekt","og_description":"Mindennapi \u00e9let\u00fcnk alapvet\u0151 felt\u00e9tele az otthonunkban felhaszn\u00e1lt energia; sz\u00e1mos berendez\u00e9s \u00e9s haszn\u00e1lati t\u00e1rgy m\u0171k\u00f6d\u00e9s\u00e9t.","og_url":"https:\/\/habitat.hu\/sites\/eloszto\/temak\/energiaszegenyseg\/","og_site_name":"Eloszt\u00f3 Projekt","article_modified_time":"2022-04-28T09:00:47+00:00","twitter_card":"summary_large_image","twitter_misc":{"Becs\u00fclt olvas\u00e1si id\u0151":"1 perc"},"schema":{"@context":"https:\/\/schema.org","@graph":[{"@type":"WebPage","@id":"https:\/\/habitat.hu\/sites\/eloszto\/temak\/energiaszegenyseg\/","url":"https:\/\/habitat.hu\/sites\/eloszto\/temak\/energiaszegenyseg\/","name":"MIT JELENT AZ ENERGIASZEG\u00c9NYS\u00c9G - Eloszt\u00f3 Projekt","isPartOf":{"@id":"https:\/\/habitat.hu\/sites\/eloszto\/#website"},"datePublished":"2019-10-03T15:05:59+00:00","dateModified":"2022-04-28T09:00:47+00:00","description":"Mindennapi \u00e9let\u00fcnk alapvet\u0151 felt\u00e9tele az otthonunkban felhaszn\u00e1lt energia; sz\u00e1mos berendez\u00e9s \u00e9s haszn\u00e1lati t\u00e1rgy m\u0171k\u00f6d\u00e9s\u00e9t.","breadcrumb":{"@id":"https:\/\/habitat.hu\/sites\/eloszto\/temak\/energiaszegenyseg\/#breadcrumb"},"inLanguage":"hu","potentialAction":[{"@type":"ReadAction","target":["https:\/\/habitat.hu\/sites\/eloszto\/temak\/energiaszegenyseg\/"]}]},{"@type":"BreadcrumbList","@id":"https:\/\/habitat.hu\/sites\/eloszto\/temak\/energiaszegenyseg\/#breadcrumb","itemListElement":[{"@type":"ListItem","position":1,"name":"Home","item":"https:\/\/habitat.hu\/sites\/eloszto\/"},{"@type":"ListItem","position":2,"name":"T\u00e9m\u00e1k","item":"https:\/\/habitat.hu\/sites\/eloszto\/temak\/"},{"@type":"ListItem","position":3,"name":"MIT JELENT AZ ENERGIASZEG\u00c9NYS\u00c9G"}]},{"@type":"WebSite","@id":"https:\/\/habitat.hu\/sites\/eloszto\/#website","url":"https:\/\/habitat.hu\/sites\/eloszto\/","name":"Eloszt\u00f3 Projekt","description":"","potentialAction":[{"@type":"SearchAction","target":{"@type":"EntryPoint","urlTemplate":"https:\/\/habitat.hu\/sites\/eloszto\/?s={search_term_string}"},"query-input":{"@type":"PropertyValueSpecification","valueRequired":true,"valueName":"search_term_string"}}],"inLanguage":"hu"}]}},"_links":{"self":[{"href":"https:\/\/habitat.hu\/sites\/eloszto\/wp-json\/wp\/v2\/pages\/376","targetHints":{"allow":["GET"]}}],"collection":[{"href":"https:\/\/habitat.hu\/sites\/eloszto\/wp-json\/wp\/v2\/pages"}],"about":[{"href":"https:\/\/habitat.hu\/sites\/eloszto\/wp-json\/wp\/v2\/types\/page"}],"author":[{"embeddable":true,"href":"https:\/\/habitat.hu\/sites\/eloszto\/wp-json\/wp\/v2\/users\/6"}],"replies":[{"embeddable":true,"href":"https:\/\/habitat.hu\/sites\/eloszto\/wp-json\/wp\/v2\/comments?post=376"}],"version-history":[{"count":5,"href":"https:\/\/habitat.hu\/sites\/eloszto\/wp-json\/wp\/v2\/pages\/376\/revisions"}],"predecessor-version":[{"id":1059,"href":"https:\/\/habitat.hu\/sites\/eloszto\/wp-json\/wp\/v2\/pages\/376\/revisions\/1059"}],"up":[{"embeddable":true,"href":"https:\/\/habitat.hu\/sites\/eloszto\/wp-json\/wp\/v2\/pages\/122"}],"wp:attachment":[{"href":"https:\/\/habitat.hu\/sites\/eloszto\/wp-json\/wp\/v2\/media?parent=376"}],"curies":[{"name":"wp","href":"https:\/\/api.w.org\/{rel}","templated":true}]}}