{"id":378,"date":"2019-10-03T15:12:03","date_gmt":"2019-10-03T15:12:03","guid":{"rendered":"https:\/\/www.elosztoprojekt.hu\/?page_id=131"},"modified":"2022-04-28T09:05:27","modified_gmt":"2022-04-28T09:05:27","slug":"haztartasi-energiaarak","status":"publish","type":"page","link":"https:\/\/habitat.hu\/sites\/eloszto\/temak\/haztartasi-energiaarak\/","title":{"rendered":"H\u00c1ZTART\u00c1SI ENERGIA\u00c1RAK"},"content":{"rendered":"[et_pb_section fb_built=&#8221;1&#8243; _builder_version=&#8221;4.16&#8243; global_colors_info=&#8221;{}&#8221;][et_pb_row _builder_version=&#8221;4.16&#8243; background_size=&#8221;initial&#8221; background_position=&#8221;top_left&#8221; background_repeat=&#8221;repeat&#8221; global_colors_info=&#8221;{}&#8221;][et_pb_column type=&#8221;4_4&#8243; _builder_version=&#8221;4.16&#8243; custom_padding=&#8221;|||&#8221; global_colors_info=&#8221;{}&#8221; custom_padding__hover=&#8221;|||&#8221;][et_pb_post_title _builder_version=&#8221;4.17.3&#8243; _module_preset=&#8221;default&#8221; meta=&#8221;off&#8221; featured_image=&#8221;off&#8221; hover_enabled=&#8221;0&#8243; sticky_enabled=&#8221;0&#8243;][\/et_pb_post_title][et_pb_text _builder_version=&#8221;4.17.3&#8243; _module_preset=&#8221;default&#8221; hover_enabled=&#8221;0&#8243; sticky_enabled=&#8221;0&#8243;]\n<div class=\"infogram-embed\" data-id=\"_\/Fi9KKoJGwrCyiLf3tjaW\" data-type=\"interactive\" data-title=\"Energia\u00e1rak\"><\/div>\n<p><script>!function(e,i,n,s){var t=\"InfogramEmbeds\",d=e.getElementsByTagName(\"script\")[0];if(window[t]&&window[t].initialized)window[t].process&&window[t].process();else if(!e.getElementById(n)){var o=e.createElement(\"script\");o.async=1,o.id=n,o.src=\"https:\/\/e.infogram.com\/js\/dist\/embed-loader-min.js\",d.parentNode.insertBefore(o,d)}}(document,0,\"infogram-async\");<\/script>[\/et_pb_text][et_pb_button button_url=&#8221;https:\/\/habitat.hu\/sites\/eloszto\/temak&#8221; button_text=&#8221;Vissza a t\u00e9m\u00e1khoz&#8221; button_alignment=&#8221;center&#8221; admin_label=&#8221;Vissza a t\u00e9m\u00e1khoz&#8221; _builder_version=&#8221;4.17.3&#8243; _module_preset=&#8221;default&#8221; custom_button=&#8221;on&#8221; button_text_color=&#8221;#000000&#8243; button_bg_color=&#8221;#fcd937&#8243; button_border_color=&#8221;#000000&#8243; custom_css_main_element=&#8221;width:100%;&#8221; global_colors_info=&#8221;{}&#8221; global_module=&#8221;1058&#8243; theme_builder_area=&#8221;post_content&#8221;][\/et_pb_button][\/et_pb_column][\/et_pb_row][\/et_pb_section]\n","protected":false},"excerpt":{"rendered":"","protected":false},"author":6,"featured_media":0,"parent":122,"menu_order":0,"comment_status":"closed","ping_status":"closed","template":"","meta":{"_et_pb_use_builder":"on","_et_pb_old_content":"A h\u00e1ztart\u00e1sok energia kiad\u00e1sait nagyban befoly\u00e1solja az energia lakoss\u00e1gi \u00e1ra. A rendszerv\u00e1lt\u00e1st k\u00f6vet\u0151en ar\u00e1nytalanul nagy m\u00e9rt\u00e9kben n\u0151ttek az energia\u00e1rak a j\u00f6vedelmekhez \u00e9s a t\u00f6bbi \u00e1rucikkhez, szolg\u00e1ltat\u00e1shoz k\u00e9pest. Ez\u00e9rt is kiemelt fontoss\u00e1g\u00fa t\u00e9ma ez mind a k\u00f6zpolitik\u00e1ban, mind az emberek mindennapi \u00e9let\u00e9ben. A fogyaszt\u00f3i \u00e1rindex az infl\u00e1ci\u00f3 m\u00e9rt\u00e9k\u00e9t mutatja, azaz hogy mennyire v\u00e1ltoznak a lakoss\u00e1g \u00e1ltal megv\u00e1s\u00e1rolt \u00e1ruk \u00e9s szolg\u00e1ltat\u00e1sok \u00e1rai. Alapj\u00e1ul a \"fogyaszt\u00f3i kos\u00e1r\" szolg\u00e1l. A lakoss\u00e1gi villamosenergia\u00e1rak folyamatos n\u00f6veked\u00e9s\u00e9t a 2012 v\u00e9g\u00e9n bevezetett rezsics\u00f6kkent\u00e9s meg\u00e1ll\u00edtotta, h\u00e1rom l\u00e9p\u00e9sben \u00f6sszesen 25%-kal cs\u00f6kkentette, \u00edgy az 2015 \u00f3ta stagn\u00e1l. A lakoss\u00e1gi g\u00e1z\u00e1rak a villamosenergi\u00e1hoz hasonl\u00f3 m\u00e9rt\u00e9kben n\u00f6vekedtek, \u00e9s szint\u00e9n a rezsics\u00f6kkent\u00e9s hat\u00e1s\u00e1ra cs\u00f6kkentek 2013 \u00e9s 2015 k\u00f6z\u00f6tt. Ezzel egyidej\u0171leg a t\u0171zifa \u00e1rak folyamatosan n\u00f6vekszenek, 2016 \u00f3ta felgyorsult m\u00e9rt\u00e9kben. Az EU tag\u00e1llamaihoz k\u00e9pest jelenleg Magyarorsz\u00e1gon az egyik legalacsonyabb a h\u00e1ztart\u00e1si energia fogyaszt\u00f3i \u00e1ra. A villamosenergia csup\u00e1n Litv\u00e1ni\u00e1ban \u00e9s Bulg\u00e1ri\u00e1ban olcs\u00f3bb, a g\u00e1z\u00e9 csak Rom\u00e1ni\u00e1ban. Amennyiben a v\u00e1s\u00e1rl\u00f3er\u0151 parit\u00e1s alapj\u00e1n hasonl\u00edtjuk \u00f6ssze az \u00e1rakat, meg\u00e1llap\u00edthat\u00f3, hogy azok a rezsics\u00f6kkent\u00e9s hat\u00e1s\u00e1ra ker\u00fcltek az EU \u00e1tlagos szintj\u00e9re a kor\u00e1bbi l\u00e9nyegesen magasabb szintr\u0151l.","_et_gb_content_width":"","footnotes":""},"class_list":["post-378","page","type-page","status-publish","hentry"],"yoast_head":"<!-- This site is optimized with the Yoast SEO plugin v27.1.1 - https:\/\/yoast.com\/product\/yoast-seo-wordpress\/ -->\n<title>H\u00c1ZTART\u00c1SI ENERGIA\u00c1RAK - Eloszt\u00f3 Projekt<\/title>\n<meta name=\"description\" content=\"A h\u00e1ztart\u00e1sok energia kiad\u00e1sait befoly\u00e1solja az energia lakoss\u00e1gi \u00e1ra. Ez\u00e9rt is kiemelt fontoss\u00e1g\u00fa ez mind a k\u00f6zpolitik\u00e1ban, mind az emberek \u00e9let\u00e9ben.\" \/>\n<meta name=\"robots\" content=\"index, follow, max-snippet:-1, max-image-preview:large, max-video-preview:-1\" \/>\n<link rel=\"canonical\" href=\"https:\/\/habitat.hu\/sites\/eloszto\/temak\/haztartasi-energiaarak\/\" \/>\n<meta property=\"og:locale\" content=\"hu_HU\" \/>\n<meta property=\"og:type\" content=\"article\" \/>\n<meta property=\"og:title\" content=\"H\u00c1ZTART\u00c1SI ENERGIA\u00c1RAK - Eloszt\u00f3 Projekt\" \/>\n<meta property=\"og:description\" content=\"A h\u00e1ztart\u00e1sok energia kiad\u00e1sait befoly\u00e1solja az energia lakoss\u00e1gi \u00e1ra. Ez\u00e9rt is kiemelt fontoss\u00e1g\u00fa ez mind a k\u00f6zpolitik\u00e1ban, mind az emberek \u00e9let\u00e9ben.\" \/>\n<meta property=\"og:url\" content=\"https:\/\/habitat.hu\/sites\/eloszto\/temak\/haztartasi-energiaarak\/\" \/>\n<meta property=\"og:site_name\" content=\"Eloszt\u00f3 Projekt\" \/>\n<meta property=\"article:modified_time\" content=\"2022-04-28T09:05:27+00:00\" \/>\n<meta name=\"twitter:card\" content=\"summary_large_image\" \/>\n<meta name=\"twitter:label1\" content=\"Becs\u00fclt olvas\u00e1si id\u0151\" \/>\n\t<meta name=\"twitter:data1\" content=\"1 perc\" \/>\n<script type=\"application\/ld+json\" class=\"yoast-schema-graph\">{\"@context\":\"https:\/\/schema.org\",\"@graph\":[{\"@type\":\"WebPage\",\"@id\":\"https:\/\/habitat.hu\/sites\/eloszto\/temak\/haztartasi-energiaarak\/\",\"url\":\"https:\/\/habitat.hu\/sites\/eloszto\/temak\/haztartasi-energiaarak\/\",\"name\":\"H\u00c1ZTART\u00c1SI ENERGIA\u00c1RAK - Eloszt\u00f3 Projekt\",\"isPartOf\":{\"@id\":\"https:\/\/habitat.hu\/sites\/eloszto\/#website\"},\"datePublished\":\"2019-10-03T15:12:03+00:00\",\"dateModified\":\"2022-04-28T09:05:27+00:00\",\"description\":\"A h\u00e1ztart\u00e1sok energia kiad\u00e1sait befoly\u00e1solja az energia lakoss\u00e1gi \u00e1ra. Ez\u00e9rt is kiemelt fontoss\u00e1g\u00fa ez mind a k\u00f6zpolitik\u00e1ban, mind az emberek \u00e9let\u00e9ben.\",\"breadcrumb\":{\"@id\":\"https:\/\/habitat.hu\/sites\/eloszto\/temak\/haztartasi-energiaarak\/#breadcrumb\"},\"inLanguage\":\"hu\",\"potentialAction\":[{\"@type\":\"ReadAction\",\"target\":[\"https:\/\/habitat.hu\/sites\/eloszto\/temak\/haztartasi-energiaarak\/\"]}]},{\"@type\":\"BreadcrumbList\",\"@id\":\"https:\/\/habitat.hu\/sites\/eloszto\/temak\/haztartasi-energiaarak\/#breadcrumb\",\"itemListElement\":[{\"@type\":\"ListItem\",\"position\":1,\"name\":\"Home\",\"item\":\"https:\/\/habitat.hu\/sites\/eloszto\/\"},{\"@type\":\"ListItem\",\"position\":2,\"name\":\"T\u00e9m\u00e1k\",\"item\":\"https:\/\/habitat.hu\/sites\/eloszto\/temak\/\"},{\"@type\":\"ListItem\",\"position\":3,\"name\":\"H\u00c1ZTART\u00c1SI ENERGIA\u00c1RAK\"}]},{\"@type\":\"WebSite\",\"@id\":\"https:\/\/habitat.hu\/sites\/eloszto\/#website\",\"url\":\"https:\/\/habitat.hu\/sites\/eloszto\/\",\"name\":\"Eloszt\u00f3 Projekt\",\"description\":\"\",\"potentialAction\":[{\"@type\":\"SearchAction\",\"target\":{\"@type\":\"EntryPoint\",\"urlTemplate\":\"https:\/\/habitat.hu\/sites\/eloszto\/?s={search_term_string}\"},\"query-input\":{\"@type\":\"PropertyValueSpecification\",\"valueRequired\":true,\"valueName\":\"search_term_string\"}}],\"inLanguage\":\"hu\"}]}<\/script>\n<!-- \/ Yoast SEO plugin. -->","yoast_head_json":{"title":"H\u00c1ZTART\u00c1SI ENERGIA\u00c1RAK - Eloszt\u00f3 Projekt","description":"A h\u00e1ztart\u00e1sok energia kiad\u00e1sait befoly\u00e1solja az energia lakoss\u00e1gi \u00e1ra. Ez\u00e9rt is kiemelt fontoss\u00e1g\u00fa ez mind a k\u00f6zpolitik\u00e1ban, mind az emberek \u00e9let\u00e9ben.","robots":{"index":"index","follow":"follow","max-snippet":"max-snippet:-1","max-image-preview":"max-image-preview:large","max-video-preview":"max-video-preview:-1"},"canonical":"https:\/\/habitat.hu\/sites\/eloszto\/temak\/haztartasi-energiaarak\/","og_locale":"hu_HU","og_type":"article","og_title":"H\u00c1ZTART\u00c1SI ENERGIA\u00c1RAK - Eloszt\u00f3 Projekt","og_description":"A h\u00e1ztart\u00e1sok energia kiad\u00e1sait befoly\u00e1solja az energia lakoss\u00e1gi \u00e1ra. Ez\u00e9rt is kiemelt fontoss\u00e1g\u00fa ez mind a k\u00f6zpolitik\u00e1ban, mind az emberek \u00e9let\u00e9ben.","og_url":"https:\/\/habitat.hu\/sites\/eloszto\/temak\/haztartasi-energiaarak\/","og_site_name":"Eloszt\u00f3 Projekt","article_modified_time":"2022-04-28T09:05:27+00:00","twitter_card":"summary_large_image","twitter_misc":{"Becs\u00fclt olvas\u00e1si id\u0151":"1 perc"},"schema":{"@context":"https:\/\/schema.org","@graph":[{"@type":"WebPage","@id":"https:\/\/habitat.hu\/sites\/eloszto\/temak\/haztartasi-energiaarak\/","url":"https:\/\/habitat.hu\/sites\/eloszto\/temak\/haztartasi-energiaarak\/","name":"H\u00c1ZTART\u00c1SI ENERGIA\u00c1RAK - Eloszt\u00f3 Projekt","isPartOf":{"@id":"https:\/\/habitat.hu\/sites\/eloszto\/#website"},"datePublished":"2019-10-03T15:12:03+00:00","dateModified":"2022-04-28T09:05:27+00:00","description":"A h\u00e1ztart\u00e1sok energia kiad\u00e1sait befoly\u00e1solja az energia lakoss\u00e1gi \u00e1ra. Ez\u00e9rt is kiemelt fontoss\u00e1g\u00fa ez mind a k\u00f6zpolitik\u00e1ban, mind az emberek \u00e9let\u00e9ben.","breadcrumb":{"@id":"https:\/\/habitat.hu\/sites\/eloszto\/temak\/haztartasi-energiaarak\/#breadcrumb"},"inLanguage":"hu","potentialAction":[{"@type":"ReadAction","target":["https:\/\/habitat.hu\/sites\/eloszto\/temak\/haztartasi-energiaarak\/"]}]},{"@type":"BreadcrumbList","@id":"https:\/\/habitat.hu\/sites\/eloszto\/temak\/haztartasi-energiaarak\/#breadcrumb","itemListElement":[{"@type":"ListItem","position":1,"name":"Home","item":"https:\/\/habitat.hu\/sites\/eloszto\/"},{"@type":"ListItem","position":2,"name":"T\u00e9m\u00e1k","item":"https:\/\/habitat.hu\/sites\/eloszto\/temak\/"},{"@type":"ListItem","position":3,"name":"H\u00c1ZTART\u00c1SI ENERGIA\u00c1RAK"}]},{"@type":"WebSite","@id":"https:\/\/habitat.hu\/sites\/eloszto\/#website","url":"https:\/\/habitat.hu\/sites\/eloszto\/","name":"Eloszt\u00f3 Projekt","description":"","potentialAction":[{"@type":"SearchAction","target":{"@type":"EntryPoint","urlTemplate":"https:\/\/habitat.hu\/sites\/eloszto\/?s={search_term_string}"},"query-input":{"@type":"PropertyValueSpecification","valueRequired":true,"valueName":"search_term_string"}}],"inLanguage":"hu"}]}},"_links":{"self":[{"href":"https:\/\/habitat.hu\/sites\/eloszto\/wp-json\/wp\/v2\/pages\/378","targetHints":{"allow":["GET"]}}],"collection":[{"href":"https:\/\/habitat.hu\/sites\/eloszto\/wp-json\/wp\/v2\/pages"}],"about":[{"href":"https:\/\/habitat.hu\/sites\/eloszto\/wp-json\/wp\/v2\/types\/page"}],"author":[{"embeddable":true,"href":"https:\/\/habitat.hu\/sites\/eloszto\/wp-json\/wp\/v2\/users\/6"}],"replies":[{"embeddable":true,"href":"https:\/\/habitat.hu\/sites\/eloszto\/wp-json\/wp\/v2\/comments?post=378"}],"version-history":[{"count":2,"href":"https:\/\/habitat.hu\/sites\/eloszto\/wp-json\/wp\/v2\/pages\/378\/revisions"}],"predecessor-version":[{"id":1065,"href":"https:\/\/habitat.hu\/sites\/eloszto\/wp-json\/wp\/v2\/pages\/378\/revisions\/1065"}],"up":[{"embeddable":true,"href":"https:\/\/habitat.hu\/sites\/eloszto\/wp-json\/wp\/v2\/pages\/122"}],"wp:attachment":[{"href":"https:\/\/habitat.hu\/sites\/eloszto\/wp-json\/wp\/v2\/media?parent=378"}],"curies":[{"name":"wp","href":"https:\/\/api.w.org\/{rel}","templated":true}]}}