{"id":382,"date":"2019-10-24T20:03:01","date_gmt":"2019-10-24T20:03:01","guid":{"rendered":"https:\/\/www.elosztoprojekt.hu\/?page_id=378"},"modified":"2022-04-28T09:10:22","modified_gmt":"2022-04-28T09:10:22","slug":"haztartasok-energiafogyasztasa","status":"publish","type":"page","link":"https:\/\/habitat.hu\/sites\/eloszto\/temak\/haztartasok-energiafogyasztasa\/","title":{"rendered":"H\u00c1ZTART\u00c1SOK ENERGIAFOGYASZT\u00c1SA"},"content":{"rendered":"[et_pb_section fb_built=&#8221;1&#8243; _builder_version=&#8221;4.17.3&#8243; _module_preset=&#8221;default&#8221; global_colors_info=&#8221;{}&#8221;][et_pb_row _builder_version=&#8221;4.17.3&#8243; _module_preset=&#8221;default&#8221; global_colors_info=&#8221;{}&#8221;][et_pb_column type=&#8221;4_4&#8243; _builder_version=&#8221;4.17.3&#8243; _module_preset=&#8221;default&#8221; global_colors_info=&#8221;{}&#8221;][et_pb_post_title meta=&#8221;off&#8221; featured_image=&#8221;off&#8221; _builder_version=&#8221;4.17.3&#8243; _module_preset=&#8221;default&#8221; global_colors_info=&#8221;{}&#8221;][\/et_pb_post_title][et_pb_text _builder_version=&#8221;4.17.3&#8243; _module_preset=&#8221;default&#8221; global_colors_info=&#8221;{}&#8221;]\n<div class=\"infogram-embed\" data-id=\"_\/db7HY8F3zWOZ0ioQSPgy\" data-type=\"interactive\" data-title=\"H\u00e1ztart\u00e1sok energiafogyaszt\u00e1sa\"><\/div>\n<p><script>!function(e,i,n,s){var t=\"InfogramEmbeds\",d=e.getElementsByTagName(\"script\")[0];if(window[t]&&window[t].initialized)window[t].process&&window[t].process();else if(!e.getElementById(n)){var o=e.createElement(\"script\");o.async=1,o.id=n,o.src=\"https:\/\/e.infogram.com\/js\/dist\/embed-loader-min.js\",d.parentNode.insertBefore(o,d)}}(document,0,\"infogram-async\");<\/script>[\/et_pb_text][et_pb_button button_url=&#8221;https:\/\/habitat.hu\/sites\/eloszto\/temak&#8221; button_text=&#8221;Vissza a t\u00e9m\u00e1khoz&#8221; button_alignment=&#8221;center&#8221; admin_label=&#8221;Vissza a t\u00e9m\u00e1khoz&#8221; _builder_version=&#8221;4.17.3&#8243; _module_preset=&#8221;default&#8221; custom_button=&#8221;on&#8221; button_text_color=&#8221;#000000&#8243; button_bg_color=&#8221;#fcd937&#8243; button_border_color=&#8221;#000000&#8243; custom_css_main_element=&#8221;width:100%;&#8221; global_colors_info=&#8221;{}&#8221; global_module=&#8221;1058&#8243; theme_builder_area=&#8221;post_content&#8221;][\/et_pb_button][\/et_pb_column][\/et_pb_row][\/et_pb_section]\n","protected":false},"excerpt":{"rendered":"","protected":false},"author":6,"featured_media":0,"parent":122,"menu_order":0,"comment_status":"closed","ping_status":"closed","template":"","meta":{"_et_pb_use_builder":"on","_et_pb_old_content":"","_et_gb_content_width":"","footnotes":""},"class_list":["post-382","page","type-page","status-publish","hentry"],"yoast_head":"<!-- This site is optimized with the Yoast SEO plugin v27.1.1 - https:\/\/yoast.com\/product\/yoast-seo-wordpress\/ -->\n<title>H\u00c1ZTART\u00c1SOK ENERGIAFOGYASZT\u00c1SA - Eloszt\u00f3 Projekt<\/title>\n<meta name=\"description\" content=\"Az orsz\u00e1gos energiafelhaszn\u00e1l\u00e1s 35%-\u00e1t a h\u00e1ztart\u00e1sok fogyaszt\u00e1sa teszi ki. Ennek majdnem h\u00e1romnegyede a lak\u00f3terek f\u0171t\u00e9s\u00e9re szolg\u00e1l.\" \/>\n<meta name=\"robots\" content=\"index, follow, max-snippet:-1, max-image-preview:large, max-video-preview:-1\" \/>\n<link rel=\"canonical\" href=\"https:\/\/habitat.hu\/sites\/eloszto\/temak\/haztartasok-energiafogyasztasa\/\" \/>\n<meta property=\"og:locale\" content=\"hu_HU\" \/>\n<meta property=\"og:type\" content=\"article\" \/>\n<meta property=\"og:title\" content=\"H\u00c1ZTART\u00c1SOK ENERGIAFOGYASZT\u00c1SA - Eloszt\u00f3 Projekt\" \/>\n<meta property=\"og:description\" content=\"Az orsz\u00e1gos energiafelhaszn\u00e1l\u00e1s 35%-\u00e1t a h\u00e1ztart\u00e1sok fogyaszt\u00e1sa teszi ki. Ennek majdnem h\u00e1romnegyede a lak\u00f3terek f\u0171t\u00e9s\u00e9re szolg\u00e1l.\" \/>\n<meta property=\"og:url\" content=\"https:\/\/habitat.hu\/sites\/eloszto\/temak\/haztartasok-energiafogyasztasa\/\" \/>\n<meta property=\"og:site_name\" content=\"Eloszt\u00f3 Projekt\" \/>\n<meta property=\"article:modified_time\" content=\"2022-04-28T09:10:22+00:00\" \/>\n<meta name=\"twitter:card\" content=\"summary_large_image\" \/>\n<meta name=\"twitter:label1\" content=\"Becs\u00fclt olvas\u00e1si id\u0151\" \/>\n\t<meta name=\"twitter:data1\" content=\"1 perc\" \/>\n<script type=\"application\/ld+json\" class=\"yoast-schema-graph\">{\"@context\":\"https:\/\/schema.org\",\"@graph\":[{\"@type\":\"WebPage\",\"@id\":\"https:\/\/habitat.hu\/sites\/eloszto\/temak\/haztartasok-energiafogyasztasa\/\",\"url\":\"https:\/\/habitat.hu\/sites\/eloszto\/temak\/haztartasok-energiafogyasztasa\/\",\"name\":\"H\u00c1ZTART\u00c1SOK ENERGIAFOGYASZT\u00c1SA - Eloszt\u00f3 Projekt\",\"isPartOf\":{\"@id\":\"https:\/\/habitat.hu\/sites\/eloszto\/#website\"},\"datePublished\":\"2019-10-24T20:03:01+00:00\",\"dateModified\":\"2022-04-28T09:10:22+00:00\",\"description\":\"Az orsz\u00e1gos energiafelhaszn\u00e1l\u00e1s 35%-\u00e1t a h\u00e1ztart\u00e1sok fogyaszt\u00e1sa teszi ki. Ennek majdnem h\u00e1romnegyede a lak\u00f3terek f\u0171t\u00e9s\u00e9re szolg\u00e1l.\",\"breadcrumb\":{\"@id\":\"https:\/\/habitat.hu\/sites\/eloszto\/temak\/haztartasok-energiafogyasztasa\/#breadcrumb\"},\"inLanguage\":\"hu\",\"potentialAction\":[{\"@type\":\"ReadAction\",\"target\":[\"https:\/\/habitat.hu\/sites\/eloszto\/temak\/haztartasok-energiafogyasztasa\/\"]}]},{\"@type\":\"BreadcrumbList\",\"@id\":\"https:\/\/habitat.hu\/sites\/eloszto\/temak\/haztartasok-energiafogyasztasa\/#breadcrumb\",\"itemListElement\":[{\"@type\":\"ListItem\",\"position\":1,\"name\":\"Home\",\"item\":\"https:\/\/habitat.hu\/sites\/eloszto\/\"},{\"@type\":\"ListItem\",\"position\":2,\"name\":\"T\u00e9m\u00e1k\",\"item\":\"https:\/\/habitat.hu\/sites\/eloszto\/temak\/\"},{\"@type\":\"ListItem\",\"position\":3,\"name\":\"H\u00c1ZTART\u00c1SOK ENERGIAFOGYASZT\u00c1SA\"}]},{\"@type\":\"WebSite\",\"@id\":\"https:\/\/habitat.hu\/sites\/eloszto\/#website\",\"url\":\"https:\/\/habitat.hu\/sites\/eloszto\/\",\"name\":\"Eloszt\u00f3 Projekt\",\"description\":\"\",\"potentialAction\":[{\"@type\":\"SearchAction\",\"target\":{\"@type\":\"EntryPoint\",\"urlTemplate\":\"https:\/\/habitat.hu\/sites\/eloszto\/?s={search_term_string}\"},\"query-input\":{\"@type\":\"PropertyValueSpecification\",\"valueRequired\":true,\"valueName\":\"search_term_string\"}}],\"inLanguage\":\"hu\"}]}<\/script>\n<!-- \/ Yoast SEO plugin. -->","yoast_head_json":{"title":"H\u00c1ZTART\u00c1SOK ENERGIAFOGYASZT\u00c1SA - Eloszt\u00f3 Projekt","description":"Az orsz\u00e1gos energiafelhaszn\u00e1l\u00e1s 35%-\u00e1t a h\u00e1ztart\u00e1sok fogyaszt\u00e1sa teszi ki. Ennek majdnem h\u00e1romnegyede a lak\u00f3terek f\u0171t\u00e9s\u00e9re szolg\u00e1l.","robots":{"index":"index","follow":"follow","max-snippet":"max-snippet:-1","max-image-preview":"max-image-preview:large","max-video-preview":"max-video-preview:-1"},"canonical":"https:\/\/habitat.hu\/sites\/eloszto\/temak\/haztartasok-energiafogyasztasa\/","og_locale":"hu_HU","og_type":"article","og_title":"H\u00c1ZTART\u00c1SOK ENERGIAFOGYASZT\u00c1SA - Eloszt\u00f3 Projekt","og_description":"Az orsz\u00e1gos energiafelhaszn\u00e1l\u00e1s 35%-\u00e1t a h\u00e1ztart\u00e1sok fogyaszt\u00e1sa teszi ki. Ennek majdnem h\u00e1romnegyede a lak\u00f3terek f\u0171t\u00e9s\u00e9re szolg\u00e1l.","og_url":"https:\/\/habitat.hu\/sites\/eloszto\/temak\/haztartasok-energiafogyasztasa\/","og_site_name":"Eloszt\u00f3 Projekt","article_modified_time":"2022-04-28T09:10:22+00:00","twitter_card":"summary_large_image","twitter_misc":{"Becs\u00fclt olvas\u00e1si id\u0151":"1 perc"},"schema":{"@context":"https:\/\/schema.org","@graph":[{"@type":"WebPage","@id":"https:\/\/habitat.hu\/sites\/eloszto\/temak\/haztartasok-energiafogyasztasa\/","url":"https:\/\/habitat.hu\/sites\/eloszto\/temak\/haztartasok-energiafogyasztasa\/","name":"H\u00c1ZTART\u00c1SOK ENERGIAFOGYASZT\u00c1SA - Eloszt\u00f3 Projekt","isPartOf":{"@id":"https:\/\/habitat.hu\/sites\/eloszto\/#website"},"datePublished":"2019-10-24T20:03:01+00:00","dateModified":"2022-04-28T09:10:22+00:00","description":"Az orsz\u00e1gos energiafelhaszn\u00e1l\u00e1s 35%-\u00e1t a h\u00e1ztart\u00e1sok fogyaszt\u00e1sa teszi ki. Ennek majdnem h\u00e1romnegyede a lak\u00f3terek f\u0171t\u00e9s\u00e9re szolg\u00e1l.","breadcrumb":{"@id":"https:\/\/habitat.hu\/sites\/eloszto\/temak\/haztartasok-energiafogyasztasa\/#breadcrumb"},"inLanguage":"hu","potentialAction":[{"@type":"ReadAction","target":["https:\/\/habitat.hu\/sites\/eloszto\/temak\/haztartasok-energiafogyasztasa\/"]}]},{"@type":"BreadcrumbList","@id":"https:\/\/habitat.hu\/sites\/eloszto\/temak\/haztartasok-energiafogyasztasa\/#breadcrumb","itemListElement":[{"@type":"ListItem","position":1,"name":"Home","item":"https:\/\/habitat.hu\/sites\/eloszto\/"},{"@type":"ListItem","position":2,"name":"T\u00e9m\u00e1k","item":"https:\/\/habitat.hu\/sites\/eloszto\/temak\/"},{"@type":"ListItem","position":3,"name":"H\u00c1ZTART\u00c1SOK ENERGIAFOGYASZT\u00c1SA"}]},{"@type":"WebSite","@id":"https:\/\/habitat.hu\/sites\/eloszto\/#website","url":"https:\/\/habitat.hu\/sites\/eloszto\/","name":"Eloszt\u00f3 Projekt","description":"","potentialAction":[{"@type":"SearchAction","target":{"@type":"EntryPoint","urlTemplate":"https:\/\/habitat.hu\/sites\/eloszto\/?s={search_term_string}"},"query-input":{"@type":"PropertyValueSpecification","valueRequired":true,"valueName":"search_term_string"}}],"inLanguage":"hu"}]}},"_links":{"self":[{"href":"https:\/\/habitat.hu\/sites\/eloszto\/wp-json\/wp\/v2\/pages\/382","targetHints":{"allow":["GET"]}}],"collection":[{"href":"https:\/\/habitat.hu\/sites\/eloszto\/wp-json\/wp\/v2\/pages"}],"about":[{"href":"https:\/\/habitat.hu\/sites\/eloszto\/wp-json\/wp\/v2\/types\/page"}],"author":[{"embeddable":true,"href":"https:\/\/habitat.hu\/sites\/eloszto\/wp-json\/wp\/v2\/users\/6"}],"replies":[{"embeddable":true,"href":"https:\/\/habitat.hu\/sites\/eloszto\/wp-json\/wp\/v2\/comments?post=382"}],"version-history":[{"count":3,"href":"https:\/\/habitat.hu\/sites\/eloszto\/wp-json\/wp\/v2\/pages\/382\/revisions"}],"predecessor-version":[{"id":1071,"href":"https:\/\/habitat.hu\/sites\/eloszto\/wp-json\/wp\/v2\/pages\/382\/revisions\/1071"}],"up":[{"embeddable":true,"href":"https:\/\/habitat.hu\/sites\/eloszto\/wp-json\/wp\/v2\/pages\/122"}],"wp:attachment":[{"href":"https:\/\/habitat.hu\/sites\/eloszto\/wp-json\/wp\/v2\/media?parent=382"}],"curies":[{"name":"wp","href":"https:\/\/api.w.org\/{rel}","templated":true}]}}