{"id":586,"date":"2019-12-13T18:41:44","date_gmt":"2019-12-13T18:41:44","guid":{"rendered":"https:\/\/www.elosztoprojekt.hu\/?page_id=586"},"modified":"2022-04-28T13:00:47","modified_gmt":"2022-04-28T13:00:47","slug":"english","status":"publish","type":"page","link":"https:\/\/habitat.hu\/sites\/eloszto\/english\/","title":{"rendered":"\ud83c\uddec\ud83c\udde7 English"},"content":{"rendered":"[et_pb_section fb_built=&#8221;1&#8243; _builder_version=&#8221;4.16&#8243; global_colors_info=&#8221;{}&#8221;][et_pb_row _builder_version=&#8221;4.16&#8243; background_size=&#8221;initial&#8221; background_position=&#8221;top_left&#8221; background_repeat=&#8221;repeat&#8221; global_colors_info=&#8221;{}&#8221;][et_pb_column type=&#8221;4_4&#8243; _builder_version=&#8221;4.16&#8243; custom_padding=&#8221;|||&#8221; global_colors_info=&#8221;{}&#8221; custom_padding__hover=&#8221;|||&#8221;][et_pb_post_title _builder_version=&#8221;4.17.3&#8243; _module_preset=&#8221;default&#8221; meta=&#8221;off&#8221; featured_image=&#8221;off&#8221; hover_enabled=&#8221;0&#8243; sticky_enabled=&#8221;0&#8243;][\/et_pb_post_title][et_pb_text _builder_version=&#8221;4.17.3&#8243; text_font_size=&#8221;20px&#8221; text_line_height=&#8221;1.5em&#8221; background_size=&#8221;initial&#8221; background_position=&#8221;top_left&#8221; background_repeat=&#8221;repeat&#8221; width=&#8221;80%&#8221; module_alignment=&#8221;center&#8221; global_colors_info=&#8221;{}&#8221;]\n<p>The \u201cEloszt\u00f3\u201d (\u2018rEdistributor\u2019) Project maps the problem of <strong>energy poverty<\/strong> in Hungary through partnership among five civil society organizations.<\/p>\n<p>Our goal is to gather the knowledge that is necessary to provide efficient solutions to the challenges posed by energy poverty in the future.<\/p>\n[\/et_pb_text][\/et_pb_column][\/et_pb_row][\/et_pb_section]\n","protected":false},"excerpt":{"rendered":"<p>The \u201cEloszt\u00f3\u201d (\u2018rEdistributor\u2019) Project maps the problem of energy poverty in Hungary through partnership among five civil society organizations. Our goal is to gather the knowledge that is necessary to provide efficient solutions to the challenges posed by energy poverty in the future.<\/p>\n","protected":false},"author":6,"featured_media":0,"parent":0,"menu_order":0,"comment_status":"closed","ping_status":"closed","template":"","meta":{"_et_pb_use_builder":"on","_et_pb_old_content":"<h3>The \u201cEloszt\u00f3\u201d (\u2018rEdistributor\u2019) Project maps the problem of\u00a0<strong>energy poverty<\/strong>\u00a0in Hungary through partnership among five civil society organizations.<\/h3>\r\n<h3>Our goal is to gather the knowledge that is necessary to provide efficient solutions to the challenges posed by energy poverty in the future.<\/h3>","_et_gb_content_width":"","footnotes":""},"class_list":["post-586","page","type-page","status-publish","hentry"],"yoast_head":"<!-- This site is optimized with the Yoast SEO plugin v27.1.1 - https:\/\/yoast.com\/product\/yoast-seo-wordpress\/ -->\n<title>\ud83c\uddec\ud83c\udde7 English - Eloszt\u00f3 Projekt<\/title>\n<meta name=\"robots\" content=\"index, follow, max-snippet:-1, max-image-preview:large, max-video-preview:-1\" \/>\n<link rel=\"canonical\" href=\"https:\/\/habitat.hu\/sites\/eloszto\/english\/\" \/>\n<meta property=\"og:locale\" content=\"hu_HU\" \/>\n<meta property=\"og:type\" content=\"article\" \/>\n<meta property=\"og:title\" content=\"\ud83c\uddec\ud83c\udde7 English - Eloszt\u00f3 Projekt\" \/>\n<meta property=\"og:description\" content=\"The \u201cEloszt\u00f3\u201d (\u2018rEdistributor\u2019) Project maps the problem of energy poverty in Hungary through partnership among five civil society organizations. Our goal is to gather the knowledge that is necessary to provide efficient solutions to the challenges posed by energy poverty in the future.\" \/>\n<meta property=\"og:url\" content=\"https:\/\/habitat.hu\/sites\/eloszto\/english\/\" \/>\n<meta property=\"og:site_name\" content=\"Eloszt\u00f3 Projekt\" \/>\n<meta property=\"article:modified_time\" content=\"2022-04-28T13:00:47+00:00\" \/>\n<meta name=\"twitter:card\" content=\"summary_large_image\" \/>\n<meta name=\"twitter:label1\" content=\"Becs\u00fclt olvas\u00e1si id\u0151\" \/>\n\t<meta name=\"twitter:data1\" content=\"1 perc\" \/>\n<script type=\"application\/ld+json\" class=\"yoast-schema-graph\">{\"@context\":\"https:\/\/schema.org\",\"@graph\":[{\"@type\":\"WebPage\",\"@id\":\"https:\/\/habitat.hu\/sites\/eloszto\/english\/\",\"url\":\"https:\/\/habitat.hu\/sites\/eloszto\/english\/\",\"name\":\"\ud83c\uddec\ud83c\udde7 English - Eloszt\u00f3 Projekt\",\"isPartOf\":{\"@id\":\"https:\/\/habitat.hu\/sites\/eloszto\/#website\"},\"datePublished\":\"2019-12-13T18:41:44+00:00\",\"dateModified\":\"2022-04-28T13:00:47+00:00\",\"breadcrumb\":{\"@id\":\"https:\/\/habitat.hu\/sites\/eloszto\/english\/#breadcrumb\"},\"inLanguage\":\"hu\",\"potentialAction\":[{\"@type\":\"ReadAction\",\"target\":[\"https:\/\/habitat.hu\/sites\/eloszto\/english\/\"]}]},{\"@type\":\"BreadcrumbList\",\"@id\":\"https:\/\/habitat.hu\/sites\/eloszto\/english\/#breadcrumb\",\"itemListElement\":[{\"@type\":\"ListItem\",\"position\":1,\"name\":\"Home\",\"item\":\"https:\/\/habitat.hu\/sites\/eloszto\/\"},{\"@type\":\"ListItem\",\"position\":2,\"name\":\"\ud83c\uddec\ud83c\udde7 English\"}]},{\"@type\":\"WebSite\",\"@id\":\"https:\/\/habitat.hu\/sites\/eloszto\/#website\",\"url\":\"https:\/\/habitat.hu\/sites\/eloszto\/\",\"name\":\"Eloszt\u00f3 Projekt\",\"description\":\"\",\"potentialAction\":[{\"@type\":\"SearchAction\",\"target\":{\"@type\":\"EntryPoint\",\"urlTemplate\":\"https:\/\/habitat.hu\/sites\/eloszto\/?s={search_term_string}\"},\"query-input\":{\"@type\":\"PropertyValueSpecification\",\"valueRequired\":true,\"valueName\":\"search_term_string\"}}],\"inLanguage\":\"hu\"}]}<\/script>\n<!-- \/ Yoast SEO plugin. -->","yoast_head_json":{"title":"\ud83c\uddec\ud83c\udde7 English - Eloszt\u00f3 Projekt","robots":{"index":"index","follow":"follow","max-snippet":"max-snippet:-1","max-image-preview":"max-image-preview:large","max-video-preview":"max-video-preview:-1"},"canonical":"https:\/\/habitat.hu\/sites\/eloszto\/english\/","og_locale":"hu_HU","og_type":"article","og_title":"\ud83c\uddec\ud83c\udde7 English - Eloszt\u00f3 Projekt","og_description":"The \u201cEloszt\u00f3\u201d (\u2018rEdistributor\u2019) Project maps the problem of energy poverty in Hungary through partnership among five civil society organizations. Our goal is to gather the knowledge that is necessary to provide efficient solutions to the challenges posed by energy poverty in the future.","og_url":"https:\/\/habitat.hu\/sites\/eloszto\/english\/","og_site_name":"Eloszt\u00f3 Projekt","article_modified_time":"2022-04-28T13:00:47+00:00","twitter_card":"summary_large_image","twitter_misc":{"Becs\u00fclt olvas\u00e1si id\u0151":"1 perc"},"schema":{"@context":"https:\/\/schema.org","@graph":[{"@type":"WebPage","@id":"https:\/\/habitat.hu\/sites\/eloszto\/english\/","url":"https:\/\/habitat.hu\/sites\/eloszto\/english\/","name":"\ud83c\uddec\ud83c\udde7 English - Eloszt\u00f3 Projekt","isPartOf":{"@id":"https:\/\/habitat.hu\/sites\/eloszto\/#website"},"datePublished":"2019-12-13T18:41:44+00:00","dateModified":"2022-04-28T13:00:47+00:00","breadcrumb":{"@id":"https:\/\/habitat.hu\/sites\/eloszto\/english\/#breadcrumb"},"inLanguage":"hu","potentialAction":[{"@type":"ReadAction","target":["https:\/\/habitat.hu\/sites\/eloszto\/english\/"]}]},{"@type":"BreadcrumbList","@id":"https:\/\/habitat.hu\/sites\/eloszto\/english\/#breadcrumb","itemListElement":[{"@type":"ListItem","position":1,"name":"Home","item":"https:\/\/habitat.hu\/sites\/eloszto\/"},{"@type":"ListItem","position":2,"name":"\ud83c\uddec\ud83c\udde7 English"}]},{"@type":"WebSite","@id":"https:\/\/habitat.hu\/sites\/eloszto\/#website","url":"https:\/\/habitat.hu\/sites\/eloszto\/","name":"Eloszt\u00f3 Projekt","description":"","potentialAction":[{"@type":"SearchAction","target":{"@type":"EntryPoint","urlTemplate":"https:\/\/habitat.hu\/sites\/eloszto\/?s={search_term_string}"},"query-input":{"@type":"PropertyValueSpecification","valueRequired":true,"valueName":"search_term_string"}}],"inLanguage":"hu"}]}},"_links":{"self":[{"href":"https:\/\/habitat.hu\/sites\/eloszto\/wp-json\/wp\/v2\/pages\/586","targetHints":{"allow":["GET"]}}],"collection":[{"href":"https:\/\/habitat.hu\/sites\/eloszto\/wp-json\/wp\/v2\/pages"}],"about":[{"href":"https:\/\/habitat.hu\/sites\/eloszto\/wp-json\/wp\/v2\/types\/page"}],"author":[{"embeddable":true,"href":"https:\/\/habitat.hu\/sites\/eloszto\/wp-json\/wp\/v2\/users\/6"}],"replies":[{"embeddable":true,"href":"https:\/\/habitat.hu\/sites\/eloszto\/wp-json\/wp\/v2\/comments?post=586"}],"version-history":[{"count":3,"href":"https:\/\/habitat.hu\/sites\/eloszto\/wp-json\/wp\/v2\/pages\/586\/revisions"}],"predecessor-version":[{"id":1251,"href":"https:\/\/habitat.hu\/sites\/eloszto\/wp-json\/wp\/v2\/pages\/586\/revisions\/1251"}],"wp:attachment":[{"href":"https:\/\/habitat.hu\/sites\/eloszto\/wp-json\/wp\/v2\/media?parent=586"}],"curies":[{"name":"wp","href":"https:\/\/api.w.org\/{rel}","templated":true}]}}