{"id":399,"date":"2020-06-08T19:33:21","date_gmt":"2020-06-08T19:33:21","guid":{"rendered":"https:\/\/habitat.hu\/sites\/feketelakas\/?page_id=399"},"modified":"2020-06-08T19:37:13","modified_gmt":"2020-06-08T19:37:13","slug":"koronavirus","status":"publish","type":"page","link":"https:\/\/habitat.hu\/sites\/feketelakas\/koronavirus\/","title":{"rendered":"Koronav\u00edrus"},"content":{"rendered":"[et_pb_section fb_built=&#8221;1&#8243; fullwidth=&#8221;on&#8221; _builder_version=&#8221;3.22&#8243; da_disable_devices=&#8221;off|off|off&#8221; da_is_popup=&#8221;off&#8221; da_exit_intent=&#8221;off&#8221; da_has_close=&#8221;on&#8221; da_alt_close=&#8221;off&#8221; da_dark_close=&#8221;off&#8221; da_not_modal=&#8221;on&#8221; da_is_singular=&#8221;off&#8221; da_with_loader=&#8221;off&#8221; da_has_shadow=&#8221;on&#8221;][et_pb_fullwidth_slider show_arrows=&#8221;off&#8221; show_pagination=&#8221;off&#8221; _builder_version=&#8221;4.4.8&#8243; header_level=&#8221;h1&#8243; header_font=&#8221;|||on|||||&#8221; button_text_size__hover_enabled=&#8221;off&#8221; button_one_text_size__hover_enabled=&#8221;off&#8221; button_two_text_size__hover_enabled=&#8221;off&#8221; button_text_color__hover_enabled=&#8221;off&#8221; button_one_text_color__hover_enabled=&#8221;off&#8221; button_two_text_color__hover_enabled=&#8221;off&#8221; button_border_width__hover_enabled=&#8221;off&#8221; button_one_border_width__hover_enabled=&#8221;off&#8221; button_two_border_width__hover_enabled=&#8221;off&#8221; button_border_color__hover_enabled=&#8221;off&#8221; button_one_border_color__hover_enabled=&#8221;off&#8221; button_two_border_color__hover_enabled=&#8221;off&#8221; button_border_radius__hover_enabled=&#8221;off&#8221; button_one_border_radius__hover_enabled=&#8221;off&#8221; button_two_border_radius__hover_enabled=&#8221;off&#8221; button_letter_spacing__hover_enabled=&#8221;off&#8221; button_one_letter_spacing__hover_enabled=&#8221;off&#8221; button_two_letter_spacing__hover_enabled=&#8221;off&#8221; button_bg_color__hover_enabled=&#8221;off&#8221; button_one_bg_color__hover_enabled=&#8221;off&#8221; button_two_bg_color__hover_enabled=&#8221;off&#8221;][et_pb_slide use_bg_overlay=&#8221;off&#8221; use_text_overlay=&#8221;off&#8221; _builder_version=&#8221;4.4.8&#8243; header_level=&#8221;h1&#8243; header_font=&#8221;|||on|||||&#8221; header_text_align=&#8221;center&#8221; header_font_size=&#8221;30&#8243; header_line_height=&#8221;1.5em&#8221; body_font_size=&#8221;20px&#8221; background_color=&#8221;rgba(0,0,0,0.5)&#8221; background_image=&#8221;https:\/\/habitat.hu\/sites\/feketelakas\/wp-content\/uploads\/sites\/3\/2018\/08\/slide07_0.jpg&#8221; background_blend=&#8221;darken&#8221; button_on_hover=&#8221;on&#8221; custom_padding=&#8221;5em||5em|&#8221; custom_padding_tablet=&#8221;1px||1px|&#8221; custom_padding_phone=&#8221;1px||1px|&#8221; custom_padding_last_edited=&#8221;off|desktop&#8221; header_font_size_tablet=&#8221;22&#8243; header_font_size_phone=&#8221;18&#8243; header_font_size_last_edited=&#8221;on|phone&#8221; header_line_height_tablet=&#8221;1.5em&#8221; header_line_height_phone=&#8221;1.5em&#8221; body_font_size_last_edited=&#8221;off|desktop&#8221; button_text_size__hover_enabled=&#8221;off&#8221; button_one_text_size__hover_enabled=&#8221;off&#8221; button_two_text_size__hover_enabled=&#8221;off&#8221; button_text_color__hover_enabled=&#8221;off&#8221; button_one_text_color__hover_enabled=&#8221;off&#8221; button_two_text_color__hover_enabled=&#8221;off&#8221; button_border_width__hover_enabled=&#8221;off&#8221; button_one_border_width__hover_enabled=&#8221;off&#8221; button_two_border_width__hover_enabled=&#8221;off&#8221; button_border_color__hover_enabled=&#8221;off&#8221; button_one_border_color__hover_enabled=&#8221;off&#8221; button_two_border_color__hover_enabled=&#8221;off&#8221; button_border_radius__hover_enabled=&#8221;off&#8221; button_one_border_radius__hover_enabled=&#8221;off&#8221; button_two_border_radius__hover_enabled=&#8221;off&#8221; button_letter_spacing__hover_enabled=&#8221;off&#8221; button_one_letter_spacing__hover_enabled=&#8221;off&#8221; button_two_letter_spacing__hover_enabled=&#8221;off&#8221; button_bg_color__hover_enabled=&#8221;off&#8221; button_one_bg_color__hover_enabled=&#8221;off&#8221; button_two_bg_color__hover_enabled=&#8221;off&#8221;]\n<h1>KORONAV\u00cdRUS<\/h1>\n<p>A koronav\u00edrus-j\u00e1rv\u00e1ny \u00e9s a kibontakoz\u00f3 gazdas\u00e1gi v\u00e1ls\u00e1g hat\u00e1sa a mag\u00e1nb\u00e9rleti piacon<\/p>\n[\/et_pb_slide][\/et_pb_fullwidth_slider][\/et_pb_section][et_pb_section fb_built=&#8221;1&#8243; _builder_version=&#8221;3.22&#8243; custom_padding=&#8221;20px|||&#8221; da_disable_devices=&#8221;off|off|off&#8221; da_is_popup=&#8221;off&#8221; da_exit_intent=&#8221;off&#8221; da_has_close=&#8221;on&#8221; da_alt_close=&#8221;off&#8221; da_dark_close=&#8221;off&#8221; da_not_modal=&#8221;on&#8221; da_is_singular=&#8221;off&#8221; da_with_loader=&#8221;off&#8221; da_has_shadow=&#8221;on&#8221;][et_pb_row _builder_version=&#8221;3.25&#8243; background_size=&#8221;initial&#8221; background_position=&#8221;top_left&#8221; background_repeat=&#8221;repeat&#8221;][et_pb_column type=&#8221;4_4&#8243; _builder_version=&#8221;3.25&#8243; custom_padding=&#8221;|||&#8221; custom_padding__hover=&#8221;|||&#8221;][et_pb_text _builder_version=&#8221;4.4.8&#8243; text_font_size=&#8221;15px&#8221; header_3_text_color=&#8221;#00afd7&#8243; hover_enabled=&#8221;0&#8243;]\n<p>A folyamatban l\u00e9v\u0151 j\u00e1rv\u00e1ny \u00e9s gazdas\u00e1gi v\u00e1ls\u00e1g hat\u00e1sai az ingatlan- \u00e9s a mag\u00e1nb\u00e9rleti piacra r\u00f6vid t\u00e1v\u00faak, a hossz\u00fa t\u00e1v\u00fa trendeket nem befoly\u00e1solj\u00e1k. Ez\u00e9rt nem \u00e9rv\u00e9nytelen\u00edtik a javaslatcsomag aktualit\u00e1s\u00e1t, s\u0151t, bizonyos k\u00f6vetkezm\u00e9nyek meger\u0151s\u00edtik, al\u00e1t\u00e1masztj\u00e1k javaslataink sz\u00fcks\u00e9gess\u00e9g\u00e9t.<\/p>\n<h2>Miben \u00e1ll a v\u00e1ls\u00e1g?<\/h2>\n<p>A koronav\u00edrus-j\u00e1rv\u00e1ny kapcs\u00e1n kibontakoz\u00f3 gazdas\u00e1gi v\u00e1ls\u00e1g kett\u0151s jelleggel b\u00edr: r\u00e9szben k\u00edn\u00e1lati sokk, r\u00e9szben drasztikus keresletcs\u00f6kken\u00e9s miatti visszaes\u00e9s. <strong>A k\u00edn\u00e1lati oldal probl\u00e9m\u00e1i f\u0151k\u00e9nt az \u00faj lak\u00e1sok piac\u00e1t \u00e9rintik k\u00f6zvetlen\u00fcl.<\/strong> \u00c1tt\u00e9telesen megjelennek a haszn\u00e1lt lak\u00f3ingatlan-piacon is, ahol a lak\u00e1sfel\u00faj\u00edt\u00e1st nehez\u00edti meg; illetve probl\u00e9m\u00e1k fordulhatnak el\u0151 a b\u00e9rleti piacon is, ahol a fel\u00faj\u00edt\u00e1s a kiad\u00e1s felt\u00e9telek\u00e9nt jelenhet meg.<\/p>\n<p><strong>A kereslet visszaes\u00e9se sz\u00e9lesebb k\u00f6rben fejti ki hat\u00e1s\u00e1t.<\/strong> A turizmus \u00e1ltal a r\u00f6vid t\u00e1v\u00fa sz\u00e1ll\u00e1skiad\u00e1s szolg\u00e1ltat\u00e1son gener\u00e1lt kereslet egyik h\u00e9tr\u0151l a m\u00e1sikra megsz\u0171nt. <strong>Emiatt a r\u00f6vid t\u00e1v\u00fa kiad\u00e1si piacr\u00f3l azonnal <a href=\"https:\/\/444.hu\/2020\/04\/08\/ugrasszeruen-nonek-a-kiado-alberletek-budapesten-megtriplazodott-a100-ezer-forint-alatti-kiado-lakasok-szama\" target=\"_blank\" rel=\"noopener noreferrer\">megindult<\/a> a lak\u00e1sok vissza- \u00e9s \u00e1t\u00e1raml\u00e1sa a hossz\u00fa t\u00e1v\u00fa b\u00e9rleti piacra.<\/strong> Mivel a j\u00f6v\u0151 bizonytalann\u00e1 v\u00e1lt, a v\u00e1s\u00e1rl\u00f3k \u00f3vatosabbak lettek, \u00edgy <strong>jelent\u0151sen cs\u00f6kkent a kereslet az \u00faj \u00e9s haszn\u00e1lt lak\u00f3ingatlanok piac\u00e1n, a j\u00f6vedelmek cs\u00f6kken\u00e9se<\/strong> (pl. elbocs\u00e1t\u00e1sok, b\u00e9rcs\u00f6kkent\u00e9sek) <strong>miatt pedig visszaesett a fizet\u0151k\u00e9pes kereslet a mag\u00e1nb\u00e9rleti piacon.<\/strong><\/p>\n<p>Ezzel egy id\u0151ben a b\u00e9rleti piacon ellent\u00e9tes hat\u00e1s is \u00e9rv\u00e9nyes\u00fcl: a lak\u00f3ingatlan-v\u00e1s\u00e1rl\u00e1s elhalaszt\u00e1sa miatt <strong>bizonyos csoportok ideiglenesen bent ragadnak a b\u00e9rleti szektorban<\/strong>. Emiatt a b\u00e9rleti piacot egyszerre jellemzi bizonyos szegmensekben a fizet\u0151k\u00e9pess\u00e9g cs\u00f6kken\u00e9se \u00e9s a tel\u00edtetts\u00e9g.<\/p>\n<p>\u00d6sszefoglalva:<\/p>\n<ol>\n<li>A v\u00e1ls\u00e1g domin\u00e1ns hat\u00e1sa az i<strong>ngatlanpiacon<\/strong>: a kereslet cs\u00f6kken\u00e9se \u00e9s az ebb\u0151l k\u00f6vetkez\u0151 <strong>\u00e1rcs\u00f6kken\u00e9s \u00e9s a forgalom visszaes\u00e9se<\/strong>.<\/li>\n<li>A v\u00e1ls\u00e1g hat\u00e1sai a <strong>lak\u00e1sb\u00e9rleti piacon<\/strong>: n\u00f6vekszik a k\u00edn\u00e1lat (Airbnb-hat\u00e1s) \u00e9s cs\u00f6kken a kereslet (a j\u00f6vedelemcs\u00f6kken\u00e9s ok\u00e1n). A folyamatok <strong>\u00e1rcs\u00f6kken\u00e9st<\/strong> eredm\u00e9nyeznek, \u00e1m <strong>ha a keresletcs\u00f6kken\u00e9si hat\u00e1s nagyobb, akkor az \u00e1res\u00e9s a b\u00e9rleti piac sz\u0171k\u00fcl\u00e9s\u00e9vel<\/strong> fog j\u00e1rni.<\/li>\n<\/ol>\n<p>F\u00e9l\u0151, hogy a m\u00e9ly \u00e9s elh\u00faz\u00f3d\u00f3 gazdas\u00e1gi v\u00e1ls\u00e1gnak <strong>a j\u00f6vedelmek cs\u00f6kken\u00e9se \u00e9s a fizet\u0151k\u00e9pess\u00e9g sz\u0171k\u00fcl\u00e9se miatti keresletcs\u00f6kken\u00e9s lesz a domin\u00e1ns hat\u00e1sa<\/strong> a lak\u00e1sb\u00e9rleti piacon. Ez <strong>s\u00falyos szoci\u00e1lis v\u00e1ls\u00e1got<\/strong> eredm\u00e9nyezhet, hiszen a lakhat\u00e1s alapvet\u0151 sz\u00fcks\u00e9glet. A cs\u00f6kken\u0151 kereslet m\u00f6g\u00f6tt emberek, csal\u00e1dok vannak, akik nem fogj\u00e1k tudni (vagy m\u00e1r nem tudj\u00e1k) kifizetni a k\u00f6vetkez\u0151 havi alb\u00e9rleti d\u00edjat. B\u00e9rl\u0151k ezreinek, t\u00edzezreinek ker\u00fclhet vesz\u00e9lybe a lakhat\u00e1sa, ker\u00fclhetnek jobb esetben rosszabb alb\u00e9rletpiaci k\u00f6r\u00fclm\u00e9nyek k\u00f6z\u00e9 (p\u00e9ld\u00e1ul kisebb lak\u00e1sba, t\u00e1rsb\u00e9rletbe, k\u00fclv\u00e1rosi b\u00e9rlem\u00e9nybe), rosszabb esetben az utc\u00e1ra (hajl\u00e9ktalansz\u00e1ll\u00f3ra, \u00e1tmeneti otthonba).<\/p>\n<h2>A v\u00e1ls\u00e1g \u00e9s a Feketelak\u00e1s 3.0 szakpolitikai anyag relevanci\u00e1ja<\/h2>\n<p>A gazdas\u00e1gi v\u00e1ls\u00e1g ingatlan-, illetve a mag\u00e1nb\u00e9rleti piacon megjelen\u0151 k\u00f6vetkezm\u00e9nyei nem cs\u00f6kkentik szakpolitikai javaslataink s\u00faly\u00e1t, nem k\u00e9rd\u0151jelezik meg \u00e9rv\u00e9nyess\u00e9g\u00fcket.<\/p>\n<p><strong>A mag\u00e1nb\u00e9rleti piac szab\u00e1lyozatlans\u00e1ga s\u00falyos kock\u00e1zatokat \u00e9s k\u00f6lts\u00e9geket<\/strong> hordozott \u00e9s <strong>hordoz mag\u00e1ban a v\u00e1ls\u00e1g idej\u00e9n is<\/strong>. A kock\u00e1zatok \u00e9s a k\u00f6lts\u00e9gek nem sz\u0171nnek meg att\u00f3l, hogy adott id\u0151pillanatban ink\u00e1bb az egyik f\u00e9l (b\u00e9rl\u0151k), m\u00edg egy m\u00e1sikban ink\u00e1bb a m\u00e1sik f\u00e9l (b\u00e9rbead\u00f3k) oldal\u00e1n jelentkeznek. A bizonytalans\u00e1g, a kiszolg\u00e1ltatotts\u00e1g nem sz\u0171nik meg, legfeljebb m\u00e9rs\u00e9kl\u0151dik, hogy azt\u00e1n a v\u00e1ls\u00e1g ut\u00e1ni fellend\u00fcl\u00e9si id\u0151szakban ism\u00e9t er\u0151s\u00f6dj\u00f6n. A hossz\u00fa t\u00e1v\u00fa kisz\u00e1m\u00edthat\u00f3s\u00e1g fontoss\u00e1g\u00e1t a rosszabb id\u0151k \u00e9s jobb id\u0151k v\u00e1ltakoz\u00e1sa al\u00e1h\u00fazza, meger\u0151s\u00edti. Mi tov\u00e1bbra is a hossz\u00fa t\u00e1v\u00fa biztons\u00e1gban \u00e9s kisz\u00e1m\u00edthat\u00f3s\u00e1gban hisz\u00fcnk, szakpolitikai javaslataink ezt a c\u00e9lt szolg\u00e1lj\u00e1k.<\/p>\n<p><strong>A megfizethet\u0151s\u00e9g probl\u00e9m\u00e1j\u00e1t sem sz\u00fcnteti meg a v\u00e1ls\u00e1g, s\u0151t<\/strong>, annak ellen\u00e9re n\u00f6veli, hogy a k\u00edn\u00e1lat b\u0151v\u00fcl\u00e9se miatt bizonyos csoportok sz\u00e1m\u00e1ra (akiknek nem v\u00e1ltozott a j\u00f6vedelm\u00fck) kedvez\u0151bb helyzetet teremt. Azok sz\u00e1m\u00e1ra, akik elvesztett\u00e9k a munk\u00e1jukat, akik egyik pillanatr\u00f3l a m\u00e1sikra meg\u00e9lhet\u00e9si probl\u00e9m\u00e1kkal kell, hogy megk\u00fczdjenek, a b\u00e9rleti d\u00edj kifizet\u00e9s\u00e9nek lehet\u0151s\u00e9ge is k\u00e9ts\u00e9gess\u00e9 v\u00e1lik, ami sz\u00e1mukra a lakhat\u00e1s elveszt\u00e9s\u00e9nek a r\u00e9mk\u00e9p\u00e9t jelenti. A v\u00e1ls\u00e1g hat\u00e1s\u00e1ra sz\u00e1mos helyen bontakoznak ki lakb\u00e9rfizet\u00e9st megtagad\u00f3 alulr\u00f3l szervez\u0151d\u0151 <a href=\"https:\/\/merce.hu\/2020\/04\/04\/latvanyosan-megugrott-a-lakbersztrajkok-szama-miutan-milliok-vesztettek-el-megelhetesuket\/\" target=\"_blank\" rel=\"noopener noreferrer\">mozgalmak<\/a>, \u00e9s a progressz\u00edv politikai er\u0151k, \u00e9rz\u00e9kelve a probl\u00e9m\u00e1t, lakb\u00e9rfizet\u00e9si stopot <a href=\"https:\/\/index.hu\/belfold\/2020\/04\/06\/budapesti_nyolcadik_kerulet_berleti_dij_kedvezmeny_fizetesi_halasztas_piko_andras_koronavirus\/\" target=\"_blank\" rel=\"noopener noreferrer\">rendelnek el<\/a>. <strong>A mag\u00e1nb\u00e9rleti piac szab\u00e1lyoz\u00e1sa a v\u00e1ls\u00e1gkezel\u00e9st is seg\u00edten\u00e9, mivel lehet\u0151v\u00e9 tenn\u00e9 olyan progressz\u00edv szakpolitik\u00e1k v\u00e9grehajt\u00e1s\u00e1t, mint a lakb\u00e9rstop elrendel\u00e9se vagy a b\u00e9rl\u0151k p\u00e9nz\u00fcgyi seg\u00edt\u00e9se, adott esetben a b\u00e9rbead\u00f3k kompenz\u00e1l\u00e1sa.<\/strong> A jelenlegi \u00e1tl\u00e1thatatlan mag\u00e1nb\u00e9rleti piacon, ahol a lak\u00e1sok nagy r\u00e9sze feket\u00e9n van kiadva, erre nincs lehet\u0151s\u00e9g.<\/p>\n<p>A kibontakoz\u00f3 szoci\u00e1lis \u00e9s <strong>lakhat\u00e1si v\u00e1ls\u00e1g \u00e9s az ennek hat\u00e1s\u00e1ra k\u00f6nnyen felvir\u00e1gz\u00f3 <a href=\"https:\/\/merce.hu\/2020\/04\/11\/a-jarvany-egyik-tetje-hogy-a-spekulacio-vagy-a-lakok-erdekei-gyoznek-e-a-lakaspiacon\/\" target=\"_blank\" rel=\"noopener noreferrer\">ingatlanspekul\u00e1ci\u00f3<\/a> fokozottan sz\u00fcks\u00e9gess\u00e9 teszik azoknak a szakpolitikai javaslatainknak a megval\u00f3s\u00edt\u00e1s\u00e1t, amelyek a lakhat\u00e1s k\u00edn\u00e1lati oldal\u00e1n az \u00e1llami \u00e9s \u00f6nkorm\u00e1nyzati jelenl\u00e9t er\u0151s\u00edt\u00e9s\u00e9t szorgalmazz\u00e1k<\/strong>. A Szoci\u00e1lis Lak\u00e1s\u00fcgyn\u00f6ks\u00e9g, amely a piaci \u00e1r alatt k\u00edn\u00e1l lakhat\u00e1st, az \u00fcres lak\u00e1sok megad\u00f3ztat\u00e1s\u00e1ra tett javaslat, vagy az abb\u00f3l befoly\u00f3 \u00f6sszeg szoci\u00e1lis b\u00e9rlak\u00e1sok \u00e9p\u00edt\u00e9s\u00e9re ford\u00edt\u00e1s\u00e1nak gondolata ma aktu\u00e1lisabb, mint valaha.<\/p>\n[\/et_pb_text][et_pb_cta title=&#8221;A Feketelak\u00e1s 3.0 javaslatcsomag teljes sz\u00f6vege let\u00f6lthet\u0151 PDF-form\u00e1tumban&#8221; button_url=&#8221;#&#8221; button_text=&#8221;Let\u00f6lt\u00f6m&#8221; admin_label=&#8221;Let\u00f6lt\u00e9s&#8221; _builder_version=&#8221;4.4.8&#8243; header_line_height=&#8221;1.2em&#8221; background_color=&#8221;#c4d600&#8243; animation_style=&#8221;fade&#8221; global_module=&#8221;365&#8243; saved_tabs=&#8221;all&#8221; button_text_size__hover_enabled=&#8221;off&#8221; button_one_text_size__hover_enabled=&#8221;off&#8221; button_two_text_size__hover_enabled=&#8221;off&#8221; button_text_color__hover_enabled=&#8221;off&#8221; button_one_text_color__hover_enabled=&#8221;off&#8221; button_two_text_color__hover_enabled=&#8221;off&#8221; button_border_width__hover_enabled=&#8221;off&#8221; button_one_border_width__hover_enabled=&#8221;off&#8221; button_two_border_width__hover_enabled=&#8221;off&#8221; button_border_color__hover_enabled=&#8221;off&#8221; button_one_border_color__hover_enabled=&#8221;off&#8221; button_two_border_color__hover_enabled=&#8221;off&#8221; button_border_radius__hover_enabled=&#8221;off&#8221; button_one_border_radius__hover_enabled=&#8221;off&#8221; button_two_border_radius__hover_enabled=&#8221;off&#8221; button_letter_spacing__hover_enabled=&#8221;off&#8221; button_one_letter_spacing__hover_enabled=&#8221;off&#8221; button_two_letter_spacing__hover_enabled=&#8221;off&#8221; button_bg_color__hover_enabled=&#8221;off&#8221; button_one_bg_color__hover_enabled=&#8221;off&#8221; button_two_bg_color__hover_enabled=&#8221;off&#8221;][\/et_pb_cta][\/et_pb_column][\/et_pb_row][\/et_pb_section]\n","protected":false},"excerpt":{"rendered":"<p>KORONAV\u00cdRUS A koronav\u00edrus-j\u00e1rv\u00e1ny \u00e9s a kibontakoz\u00f3 gazdas\u00e1gi v\u00e1ls\u00e1g hat\u00e1sa a mag\u00e1nb\u00e9rleti piaconA folyamatban l\u00e9v\u0151 j\u00e1rv\u00e1ny \u00e9s gazdas\u00e1gi v\u00e1ls\u00e1g hat\u00e1sai az ingatlan- \u00e9s a mag\u00e1nb\u00e9rleti piacra r\u00f6vid t\u00e1v\u00faak, a hossz\u00fa t\u00e1v\u00fa trendeket nem befoly\u00e1solj\u00e1k. Ez\u00e9rt nem \u00e9rv\u00e9nytelen\u00edtik a javaslatcsomag aktualit\u00e1s\u00e1t, s\u0151t, bizonyos k\u00f6vetkezm\u00e9nyek meger\u0151s\u00edtik, al\u00e1t\u00e1masztj\u00e1k javaslataink sz\u00fcks\u00e9gess\u00e9g\u00e9t. Miben \u00e1ll a v\u00e1ls\u00e1g? A koronav\u00edrus-j\u00e1rv\u00e1ny kapcs\u00e1n kibontakoz\u00f3 gazdas\u00e1gi [&hellip;]<\/p>\n","protected":false},"author":1,"featured_media":0,"parent":0,"menu_order":0,"comment_status":"closed","ping_status":"closed","template":"","meta":{"_et_pb_use_builder":"on","_et_pb_old_content":"","_et_gb_content_width":"","footnotes":""},"class_list":["post-399","page","type-page","status-publish","hentry"],"yoast_head":"<!-- This site is optimized with the Yoast SEO plugin v27.1.1 - https:\/\/yoast.com\/product\/yoast-seo-wordpress\/ -->\n<title>Koronav\u00edrus - Feketelak\u00e1s<\/title>\n<meta name=\"robots\" content=\"index, follow, max-snippet:-1, max-image-preview:large, max-video-preview:-1\" \/>\n<link rel=\"canonical\" href=\"https:\/\/habitat.hu\/sites\/feketelakas\/koronavirus\/\" \/>\n<meta property=\"og:locale\" content=\"hu_HU\" \/>\n<meta property=\"og:type\" content=\"article\" \/>\n<meta property=\"og:title\" content=\"Koronav\u00edrus - Feketelak\u00e1s\" \/>\n<meta property=\"og:description\" content=\"KORONAV\u00cdRUS A koronav\u00edrus-j\u00e1rv\u00e1ny \u00e9s a kibontakoz\u00f3 gazdas\u00e1gi v\u00e1ls\u00e1g hat\u00e1sa a mag\u00e1nb\u00e9rleti piaconA folyamatban l\u00e9v\u0151 j\u00e1rv\u00e1ny \u00e9s gazdas\u00e1gi v\u00e1ls\u00e1g hat\u00e1sai az ingatlan- \u00e9s a mag\u00e1nb\u00e9rleti piacra r\u00f6vid t\u00e1v\u00faak, a hossz\u00fa t\u00e1v\u00fa trendeket nem befoly\u00e1solj\u00e1k. Ez\u00e9rt nem \u00e9rv\u00e9nytelen\u00edtik a javaslatcsomag aktualit\u00e1s\u00e1t, s\u0151t, bizonyos k\u00f6vetkezm\u00e9nyek meger\u0151s\u00edtik, al\u00e1t\u00e1masztj\u00e1k javaslataink sz\u00fcks\u00e9gess\u00e9g\u00e9t. Miben \u00e1ll a v\u00e1ls\u00e1g? A koronav\u00edrus-j\u00e1rv\u00e1ny kapcs\u00e1n kibontakoz\u00f3 gazdas\u00e1gi [&hellip;]\" \/>\n<meta property=\"og:url\" content=\"https:\/\/habitat.hu\/sites\/feketelakas\/koronavirus\/\" \/>\n<meta property=\"og:site_name\" content=\"Feketelak\u00e1s\" \/>\n<meta property=\"article:modified_time\" content=\"2020-06-08T19:37:13+00:00\" \/>\n<meta name=\"twitter:card\" content=\"summary_large_image\" \/>\n<meta name=\"twitter:label1\" content=\"Becs\u00fclt olvas\u00e1si id\u0151\" \/>\n\t<meta name=\"twitter:data1\" content=\"10 perc\" \/>\n<script type=\"application\/ld+json\" class=\"yoast-schema-graph\">{\"@context\":\"https:\/\/schema.org\",\"@graph\":[{\"@type\":\"WebPage\",\"@id\":\"https:\/\/habitat.hu\/sites\/feketelakas\/koronavirus\/\",\"url\":\"https:\/\/habitat.hu\/sites\/feketelakas\/koronavirus\/\",\"name\":\"Koronav\u00edrus - Feketelak\u00e1s\",\"isPartOf\":{\"@id\":\"https:\/\/habitat.hu\/sites\/feketelakas\/#website\"},\"datePublished\":\"2020-06-08T19:33:21+00:00\",\"dateModified\":\"2020-06-08T19:37:13+00:00\",\"breadcrumb\":{\"@id\":\"https:\/\/habitat.hu\/sites\/feketelakas\/koronavirus\/#breadcrumb\"},\"inLanguage\":\"hu\",\"potentialAction\":[{\"@type\":\"ReadAction\",\"target\":[\"https:\/\/habitat.hu\/sites\/feketelakas\/koronavirus\/\"]}]},{\"@type\":\"BreadcrumbList\",\"@id\":\"https:\/\/habitat.hu\/sites\/feketelakas\/koronavirus\/#breadcrumb\",\"itemListElement\":[{\"@type\":\"ListItem\",\"position\":1,\"name\":\"Home\",\"item\":\"https:\/\/habitat.hu\/sites\/feketelakas\/\"},{\"@type\":\"ListItem\",\"position\":2,\"name\":\"Koronav\u00edrus\"}]},{\"@type\":\"WebSite\",\"@id\":\"https:\/\/habitat.hu\/sites\/feketelakas\/#website\",\"url\":\"https:\/\/habitat.hu\/sites\/feketelakas\/\",\"name\":\"Feketelak\u00e1s\",\"description\":\"Olcs\u00f3bb, \u00e1tl\u00e1that\u00f3bb, biztons\u00e1gosabb b\u00e9rlak\u00e1spiacot! \u00c1llj a Habitat javaslatai mell\u00e9, hogy egy\u00fctt \u00e9rhess\u00fcnk el v\u00e1ltoz\u00e1st!\",\"publisher\":{\"@id\":\"https:\/\/habitat.hu\/sites\/feketelakas\/#organization\"},\"potentialAction\":[{\"@type\":\"SearchAction\",\"target\":{\"@type\":\"EntryPoint\",\"urlTemplate\":\"https:\/\/habitat.hu\/sites\/feketelakas\/?s={search_term_string}\"},\"query-input\":{\"@type\":\"PropertyValueSpecification\",\"valueRequired\":true,\"valueName\":\"search_term_string\"}}],\"inLanguage\":\"hu\"},{\"@type\":\"Organization\",\"@id\":\"https:\/\/habitat.hu\/sites\/feketelakas\/#organization\",\"name\":\"Habitat for Humanity Magyarorsz\u00e1g\",\"url\":\"https:\/\/habitat.hu\/sites\/feketelakas\/\",\"logo\":{\"@type\":\"ImageObject\",\"inLanguage\":\"hu\",\"@id\":\"https:\/\/habitat.hu\/sites\/feketelakas\/#\/schema\/logo\/image\/\",\"url\":\"https:\/\/habitat.hu\/sites\/feketelakas\/wp-content\/uploads\/sites\/3\/2018\/10\/HFH-Magyarorszag_Vertical_black.png\",\"contentUrl\":\"https:\/\/habitat.hu\/sites\/feketelakas\/wp-content\/uploads\/sites\/3\/2018\/10\/HFH-Magyarorszag_Vertical_black.png\",\"width\":500,\"height\":500,\"caption\":\"Habitat for Humanity Magyarorsz\u00e1g\"},\"image\":{\"@id\":\"https:\/\/habitat.hu\/sites\/feketelakas\/#\/schema\/logo\/image\/\"}}]}<\/script>\n<!-- \/ Yoast SEO plugin. -->","yoast_head_json":{"title":"Koronav\u00edrus - Feketelak\u00e1s","robots":{"index":"index","follow":"follow","max-snippet":"max-snippet:-1","max-image-preview":"max-image-preview:large","max-video-preview":"max-video-preview:-1"},"canonical":"https:\/\/habitat.hu\/sites\/feketelakas\/koronavirus\/","og_locale":"hu_HU","og_type":"article","og_title":"Koronav\u00edrus - Feketelak\u00e1s","og_description":"KORONAV\u00cdRUS A koronav\u00edrus-j\u00e1rv\u00e1ny \u00e9s a kibontakoz\u00f3 gazdas\u00e1gi v\u00e1ls\u00e1g hat\u00e1sa a mag\u00e1nb\u00e9rleti piaconA folyamatban l\u00e9v\u0151 j\u00e1rv\u00e1ny \u00e9s gazdas\u00e1gi v\u00e1ls\u00e1g hat\u00e1sai az ingatlan- \u00e9s a mag\u00e1nb\u00e9rleti piacra r\u00f6vid t\u00e1v\u00faak, a hossz\u00fa t\u00e1v\u00fa trendeket nem befoly\u00e1solj\u00e1k. Ez\u00e9rt nem \u00e9rv\u00e9nytelen\u00edtik a javaslatcsomag aktualit\u00e1s\u00e1t, s\u0151t, bizonyos k\u00f6vetkezm\u00e9nyek meger\u0151s\u00edtik, al\u00e1t\u00e1masztj\u00e1k javaslataink sz\u00fcks\u00e9gess\u00e9g\u00e9t. Miben \u00e1ll a v\u00e1ls\u00e1g? A koronav\u00edrus-j\u00e1rv\u00e1ny kapcs\u00e1n kibontakoz\u00f3 gazdas\u00e1gi [&hellip;]","og_url":"https:\/\/habitat.hu\/sites\/feketelakas\/koronavirus\/","og_site_name":"Feketelak\u00e1s","article_modified_time":"2020-06-08T19:37:13+00:00","twitter_card":"summary_large_image","twitter_misc":{"Becs\u00fclt olvas\u00e1si id\u0151":"10 perc"},"schema":{"@context":"https:\/\/schema.org","@graph":[{"@type":"WebPage","@id":"https:\/\/habitat.hu\/sites\/feketelakas\/koronavirus\/","url":"https:\/\/habitat.hu\/sites\/feketelakas\/koronavirus\/","name":"Koronav\u00edrus - Feketelak\u00e1s","isPartOf":{"@id":"https:\/\/habitat.hu\/sites\/feketelakas\/#website"},"datePublished":"2020-06-08T19:33:21+00:00","dateModified":"2020-06-08T19:37:13+00:00","breadcrumb":{"@id":"https:\/\/habitat.hu\/sites\/feketelakas\/koronavirus\/#breadcrumb"},"inLanguage":"hu","potentialAction":[{"@type":"ReadAction","target":["https:\/\/habitat.hu\/sites\/feketelakas\/koronavirus\/"]}]},{"@type":"BreadcrumbList","@id":"https:\/\/habitat.hu\/sites\/feketelakas\/koronavirus\/#breadcrumb","itemListElement":[{"@type":"ListItem","position":1,"name":"Home","item":"https:\/\/habitat.hu\/sites\/feketelakas\/"},{"@type":"ListItem","position":2,"name":"Koronav\u00edrus"}]},{"@type":"WebSite","@id":"https:\/\/habitat.hu\/sites\/feketelakas\/#website","url":"https:\/\/habitat.hu\/sites\/feketelakas\/","name":"Feketelak\u00e1s","description":"Olcs\u00f3bb, \u00e1tl\u00e1that\u00f3bb, biztons\u00e1gosabb b\u00e9rlak\u00e1spiacot! \u00c1llj a Habitat javaslatai mell\u00e9, hogy egy\u00fctt \u00e9rhess\u00fcnk el v\u00e1ltoz\u00e1st!","publisher":{"@id":"https:\/\/habitat.hu\/sites\/feketelakas\/#organization"},"potentialAction":[{"@type":"SearchAction","target":{"@type":"EntryPoint","urlTemplate":"https:\/\/habitat.hu\/sites\/feketelakas\/?s={search_term_string}"},"query-input":{"@type":"PropertyValueSpecification","valueRequired":true,"valueName":"search_term_string"}}],"inLanguage":"hu"},{"@type":"Organization","@id":"https:\/\/habitat.hu\/sites\/feketelakas\/#organization","name":"Habitat for Humanity Magyarorsz\u00e1g","url":"https:\/\/habitat.hu\/sites\/feketelakas\/","logo":{"@type":"ImageObject","inLanguage":"hu","@id":"https:\/\/habitat.hu\/sites\/feketelakas\/#\/schema\/logo\/image\/","url":"https:\/\/habitat.hu\/sites\/feketelakas\/wp-content\/uploads\/sites\/3\/2018\/10\/HFH-Magyarorszag_Vertical_black.png","contentUrl":"https:\/\/habitat.hu\/sites\/feketelakas\/wp-content\/uploads\/sites\/3\/2018\/10\/HFH-Magyarorszag_Vertical_black.png","width":500,"height":500,"caption":"Habitat for Humanity Magyarorsz\u00e1g"},"image":{"@id":"https:\/\/habitat.hu\/sites\/feketelakas\/#\/schema\/logo\/image\/"}}]}},"_links":{"self":[{"href":"https:\/\/habitat.hu\/sites\/feketelakas\/wp-json\/wp\/v2\/pages\/399","targetHints":{"allow":["GET"]}}],"collection":[{"href":"https:\/\/habitat.hu\/sites\/feketelakas\/wp-json\/wp\/v2\/pages"}],"about":[{"href":"https:\/\/habitat.hu\/sites\/feketelakas\/wp-json\/wp\/v2\/types\/page"}],"author":[{"embeddable":true,"href":"https:\/\/habitat.hu\/sites\/feketelakas\/wp-json\/wp\/v2\/users\/1"}],"replies":[{"embeddable":true,"href":"https:\/\/habitat.hu\/sites\/feketelakas\/wp-json\/wp\/v2\/comments?post=399"}],"version-history":[{"count":4,"href":"https:\/\/habitat.hu\/sites\/feketelakas\/wp-json\/wp\/v2\/pages\/399\/revisions"}],"predecessor-version":[{"id":407,"href":"https:\/\/habitat.hu\/sites\/feketelakas\/wp-json\/wp\/v2\/pages\/399\/revisions\/407"}],"wp:attachment":[{"href":"https:\/\/habitat.hu\/sites\/feketelakas\/wp-json\/wp\/v2\/media?parent=399"}],"curies":[{"name":"wp","href":"https:\/\/api.w.org\/{rel}","templated":true}]}}