{"id":2,"date":"2023-11-06T06:51:42","date_gmt":"2023-11-06T06:51:42","guid":{"rendered":"https:\/\/habitat.hu\/sites\/lakhatasi-jelentes-2023\/?page_id=2"},"modified":"2024-01-17T10:26:35","modified_gmt":"2024-01-17T09:26:35","slug":"bevezeto","status":"publish","type":"page","link":"https:\/\/habitat.hu\/sites\/lakhatasi-jelentes-2023\/","title":{"rendered":"Bevezet\u0151"},"content":{"rendered":"<p>[et_pb_section fb_built=&#8221;1&#8243; fullwidth=&#8221;on&#8221; _builder_version=&#8221;4.16&#8243; global_colors_info=&#8221;{}&#8221;][et_pb_fullwidth_slider show_arrows=&#8221;off&#8221; show_pagination=&#8221;off&#8221; _builder_version=&#8221;4.16&#8243; custom_padding=&#8221;5%||5%||false|false&#8221; global_colors_info=&#8221;{}&#8221;][et_pb_slide heading=&#8221;Bevezet\u0151&#8221; use_bg_overlay=&#8221;off&#8221; use_text_overlay=&#8221;off&#8221; _builder_version=&#8221;4.16&#8243; header_font=&#8221;|800||on|||||&#8221; header_font_size=&#8221;55px&#8221; background_color=&#8221;#c4d600&#8243; background_enable_color=&#8221;on&#8221; background_enable_image=&#8221;off&#8221; background_blend=&#8221;darken&#8221; button_on_hover=&#8221;on&#8221; child_mix_blend_mode=&#8221;darken&#8221; header_font_size_tablet=&#8221;45px&#8221; header_font_size_phone=&#8221;35px&#8221; header_font_size_last_edited=&#8221;on|phone&#8221; global_colors_info=&#8221;{}&#8221; sticky_transition=&#8221;on&#8221;][\/et_pb_slide][\/et_pb_fullwidth_slider][\/et_pb_section][et_pb_section fb_built=&#8221;1&#8243; _builder_version=&#8221;4.16&#8243; background_color=&#8221;rgba(196,214,0,0.1)&#8221; global_colors_info=&#8221;{}&#8221;][et_pb_row make_equal=&#8221;on&#8221; _builder_version=&#8221;4.16&#8243; background_size=&#8221;initial&#8221; background_position=&#8221;top_left&#8221; background_repeat=&#8221;repeat&#8221; global_colors_info=&#8221;{}&#8221;][et_pb_column type=&#8221;4_4&#8243; _builder_version=&#8221;4.16&#8243; custom_padding=&#8221;|||&#8221; global_colors_info=&#8221;{}&#8221; custom_padding__hover=&#8221;|||&#8221;][et_pb_text _builder_version=&#8221;4.23&#8243; text_font_size=&#8221;15px&#8221; header_line_height=&#8221;1.1em&#8221; header_2_line_height=&#8221;1.1em&#8221; header_3_font=&#8221;|600||on|||||&#8221; header_3_text_color=&#8221;#c4d600&#8243; header_3_line_height=&#8221;1.1em&#8221; header_4_line_height=&#8221;1.2em&#8221; z_index_tablet=&#8221;500&#8243; text_text_shadow_horizontal_length_tablet=&#8221;0px&#8221; text_text_shadow_vertical_length_tablet=&#8221;0px&#8221; text_text_shadow_blur_strength_tablet=&#8221;1px&#8221; link_text_shadow_horizontal_length_tablet=&#8221;0px&#8221; link_text_shadow_vertical_length_tablet=&#8221;0px&#8221; link_text_shadow_blur_strength_tablet=&#8221;1px&#8221; ul_text_shadow_horizontal_length_tablet=&#8221;0px&#8221; ul_text_shadow_vertical_length_tablet=&#8221;0px&#8221; ul_text_shadow_blur_strength_tablet=&#8221;1px&#8221; ol_text_shadow_horizontal_length_tablet=&#8221;0px&#8221; ol_text_shadow_vertical_length_tablet=&#8221;0px&#8221; ol_text_shadow_blur_strength_tablet=&#8221;1px&#8221; quote_text_shadow_horizontal_length_tablet=&#8221;0px&#8221; quote_text_shadow_vertical_length_tablet=&#8221;0px&#8221; quote_text_shadow_blur_strength_tablet=&#8221;1px&#8221; header_text_shadow_horizontal_length_tablet=&#8221;0px&#8221; header_text_shadow_vertical_length_tablet=&#8221;0px&#8221; header_text_shadow_blur_strength_tablet=&#8221;1px&#8221; header_2_text_shadow_horizontal_length_tablet=&#8221;0px&#8221; header_2_text_shadow_vertical_length_tablet=&#8221;0px&#8221; header_2_text_shadow_blur_strength_tablet=&#8221;1px&#8221; header_3_text_shadow_horizontal_length_tablet=&#8221;0px&#8221; header_3_text_shadow_vertical_length_tablet=&#8221;0px&#8221; header_3_text_shadow_blur_strength_tablet=&#8221;1px&#8221; header_4_text_shadow_horizontal_length_tablet=&#8221;0px&#8221; header_4_text_shadow_vertical_length_tablet=&#8221;0px&#8221; header_4_text_shadow_blur_strength_tablet=&#8221;1px&#8221; header_5_text_shadow_horizontal_length_tablet=&#8221;0px&#8221; header_5_text_shadow_vertical_length_tablet=&#8221;0px&#8221; header_5_text_shadow_blur_strength_tablet=&#8221;1px&#8221; header_6_text_shadow_horizontal_length_tablet=&#8221;0px&#8221; header_6_text_shadow_vertical_length_tablet=&#8221;0px&#8221; header_6_text_shadow_blur_strength_tablet=&#8221;1px&#8221; box_shadow_horizontal_tablet=&#8221;0px&#8221; box_shadow_vertical_tablet=&#8221;0px&#8221; box_shadow_blur_tablet=&#8221;40px&#8221; box_shadow_spread_tablet=&#8221;0px&#8221; global_colors_info=&#8221;{}&#8221;]<\/p>\n<h3>Kedves Olvas\u00f3!<\/h3>\n<p>A Habitat for Humanity Magyarorsz\u00e1g 1996 \u00f3ta m\u0171k\u00f6dik Magyarorsz\u00e1gon. Tev\u00e9kenys\u00e9geink h\u00e1rom f\u0151 csoportba sorolhat\u00f3k:<\/p>\n<p style=\"padding-left: 40px;\">a) k\u00f6zvetlen seg\u00edts\u00e9gny\u00fajt\u00e1s \u2013 orsz\u00e1gszerte t\u00e1mogatunk h\u00e1ztart\u00e1sokat \u00e9letk\u00f6r\u00fclm\u00e9nyeik jav\u00edt\u00e1s\u00e1ban;<br \/>b) szakpolitikai munka \u2013 lakhat\u00e1ssal, energiaszeg\u00e9nys\u00e9ggel kapcsolatos kutat\u00e1sok, elemz\u00e9sek, tanulm\u00e1nyok \u00e9s javaslatok; valamint<br \/>c) a lakhat\u00e1s k\u00e9rd\u00e9sk\u00f6r\u00e9nek t\u00e1rsadalmas\u00edt\u00e1sa.<\/p>\n<p>A szakpolitikai munk\u00e1nk r\u00e9szek\u00e9nt 2012 \u00f3ta, imm\u00e1ron tizenkettedik alkalommal adunk ki \u00e9ves jelent\u00e9st a magyarorsz\u00e1gi lakhat\u00e1si szeg\u00e9nys\u00e9gr\u0151l. Idei elemz\u00e9s\u00fcnkben a szakpolitik\u00e1k, a k\u00f6zponti k\u00f6lts\u00e9gvet\u00e9s \u00e9s a megfizethet\u0151s\u00e9g mellett az energiav\u00e1ls\u00e1g hat\u00e1sait vizsg\u00e1ljuk.<\/p>\n<p>Az elm\u00falt \u00e9vek k\u00f6zpolitikai v\u00e1ltoz\u00e1sai alig reag\u00e1ltak a lakhat\u00e1si szeg\u00e9nys\u00e9gben \u00e9l\u0151k saj\u00e1tos helyzet\u00e9re. Az orsz\u00e1gos lak\u00e1spolitikai eszk\u00f6zt\u00e1r tov\u00e1bbra is n\u00e9lk\u00fcl\u00f6zi a hossz\u00fa t\u00e1v\u00fa kisz\u00e1m\u00edthat\u00f3s\u00e1got, nem szervez\u0151dik egys\u00e9ges rendszerbe. Tov\u00e1bbra is hi\u00e1nyoznak a kisz\u00e1m\u00edthat\u00f3, az energiaszeg\u00e9nys\u00e9get enyh\u00edt\u0151, r\u00e1szorults\u00e1gi alapon is c\u00e9lzott lak\u00e1sfel\u00faj\u00edt\u00e1si programok, amelyeken kereszt\u00fcl a lakhat\u00e1si szeg\u00e9nys\u00e9g is cs\u00f6kkenthet\u0151 volna.<br \/>A lak\u00e1shoz jut\u00e1st seg\u00edteni hivatott t\u00e1mogat\u00e1sok, mint a babav\u00e1r\u00f3 hitel, vagy \u00e9ppen a CSOK nehezen kisz\u00e1m\u00edthat\u00f3 m\u00f3don v\u00e1ltoznak, \u00e9s ugyan az el\u00e9rhet\u0151 t\u00e1mogatott hitelek \u00f6sszege n\u00f6vekszik, mindez egyre kevesebbek sz\u00e1m\u00e1ra el\u00e9rhet\u0151 \u2013 teh\u00e1t nem a lakhat\u00e1si szeg\u00e9nys\u00e9g cs\u00f6kkent\u00e9s\u00e9t szolg\u00e1lja.<\/p>\n<p>A m\u00e9lyszeg\u00e9nys\u00e9gben \u00e9l\u0151k lakhat\u00e1si probl\u00e9m\u00e1inak megold\u00e1s\u00e1t egyh\u00e1zi, karitat\u00edv szervezetek feladat\u00e1v\u00e1 teszi a korm\u00e1nyzat. A nagyon limit\u00e1ltan el\u00e9rhet\u0151 forr\u00e1sok miatt azonban ez nagyon sz\u0171kre szabott fejleszt\u00e9si lehet\u0151s\u00e9geket jelent: a legszeg\u00e9nyebb 300 telep\u00fcl\u00e9s nagys\u00e1grendileg 300 ezer lakosa 2000 ingatlan \u00e9p\u00edt\u00e9s\u00e9re, fel\u00faj\u00edt\u00e1s\u00e1ra p\u00e1ly\u00e1zhat a FETE program keret\u00e9ben.<br \/>Az ut\u00f3bbi \u00e9vekben a lakhat\u00e1s k\u00f6lts\u00e9gei egyre ink\u00e1bb emelkednek, jellemz\u0151 ez mind az \u00faj, mind a haszn\u00e1lt ingatlanok \u00e1raira, ak\u00e1r az alb\u00e9rletek d\u00edjainak emelked\u00e9s\u00e9re. A lakoss\u00e1gi rezsid\u00edjakat ugyan sok\u00e1ig nyomott \u00e1ron tartotta a korm\u00e1nyzat, azonban a rezsics\u00f6kkent\u00e9s is megv\u00e1ltozott \u2013 teh\u00e1t nem csak lak\u00e1shoz jut\u00e1s, hanem a lakhat\u00e1s fenntart\u00e1s\u00e1nak a k\u00f6lts\u00e9gei is n\u0151nek. Mindez, a re\u00e1lb\u00e9rek cs\u00f6kken\u00e9se mellett, egyre sz\u00e9lesebb t\u00e1rsadalmi csoportokat sodor lakhat\u00e1si szeg\u00e9nys\u00e9gbe, ak\u00e1r a lak\u00e1sveszt\u00e9s vesz\u00e9lye fel\u00e9.<\/p>\n<p>Az Ukrajn\u00e1b\u00f3l \u00e9rkez\u0151 menek\u00fcltek lakhat\u00e1si probl\u00e9m\u00e1ival, vagy \u00e9ppen a vend\u00e9gmunk\u00e1sok munk\u00e1ssz\u00e1ll\u00f3ival, lakhat\u00e1si k\u00f6r\u00fclm\u00e9nyeivel egyel\u0151re csak a sajt\u00f3 cikkeiben tal\u00e1lkozunk, nem pedig korm\u00e1nyzati beavatkoz\u00e1sok r\u00e9szek\u00e9nt.<\/p>\n<p>A lakhat\u00e1si jelent\u00e9sben bemutatott v\u00e1ls\u00e1ghelyzetre igyeksz\u00fcnk reag\u00e1lni helyi programjainkkal, pl. az \u00f6nkorm\u00e1nyzati b\u00e9rlak\u00e1sok \u00e9s saj\u00e1t tulajdon\u00fa otthonok fel\u00faj\u00edt\u00e1s\u00e1nak t\u00e1mogat\u00e1s\u00e1val orsz\u00e1gszerte; a falusi CSOK lehet\u0151s\u00e9g\u00e9nek eljuttat\u00e1s\u00e1val olyan csal\u00e1dok sz\u00e1m\u00e1ra, akik saj\u00e1t er\u0151b\u0151l nem juthatn\u00e1nak hozz\u00e1 a t\u00e1mogat\u00e1shoz. Szakpolitikai munk\u00e1nkkal jelenleg legink\u00e1bb \u00f6nkorm\u00e1nyzati szinten tudunk v\u00e1ltoz\u00e1st el\u00e9rni, illetve az EU-s d\u00f6nt\u00e9shozatali elj\u00e1r\u00e1sok v\u00e9lem\u00e9nyez\u00e9s\u00e9vel indirekt hat\u00e1st rem\u00e9l\u00fcnk a magyar szakpolitik\u00e1ra; ezt seg\u00edti a nemzetk\u00f6zi Habitat id\u00e9n l\u00e9trehozott br\u00fcsszeli \u00e1lland\u00f3 k\u00e9pviselete is. Mindezek mellett kiemelten fontosnak tartjuk a lakhat\u00e1s probl\u00e9m\u00e1inak \u00e9s megold\u00e1sainak megjelen\u00e9s\u00e9t a k\u00f6zbesz\u00e9dben. A fel\u00faj\u00edt\u00e1si \u00e9s irodai munk\u00e1nkba bevont \u00f6nk\u00e9nteseinken kereszt\u00fcl, kommunik\u00e1ci\u00f3s munk\u00e1nkkal, rendezv\u00e9nyeinkkel, esem\u00e9nyeinkkel, t\u00e1mogat\u00f3k \u00e9s partnerek seg\u00edts\u00e9g\u00e9vel konkr\u00e9t utat mutatunk arra, hogy ki, milyen szinten lehet r\u00e9sze a v\u00e1ltoz\u00e1snak, a lakhat\u00e1si probl\u00e9m\u00e1k megold\u00e1sainak.<\/p>\n<p>Munk\u00e1nk fedezet\u00e9t v\u00e1ltozatos adom\u00e1nyoz\u00f3i \u00e9s partners\u00e9gi forr\u00e1sok biztos\u00edtj\u00e1k. K\u00e9rj\u00fck, t\u00e1mogassa \u00d6n is munk\u00e1nkat adom\u00e1nyoz\u00e1ssal, vagy fel\u00faj\u00edt\u00e1si munk\u00e1inkba <a href=\"https:\/\/www.habitat.hu\/legy-aktiv\/onkentesseg\/\" target=\"_blank\" rel=\"noopener\">\u00f6nk\u00e9ntesk\u00e9nt<\/a> val\u00f3 becsatlakoz\u00e1ssal!<\/p>\n<p>[\/et_pb_text][\/et_pb_column][\/et_pb_row][et_pb_row column_structure=&#8221;1_2,1_2&#8243; make_equal=&#8221;on&#8221; _builder_version=&#8221;4.16&#8243; background_size=&#8221;initial&#8221; background_position=&#8221;top_left&#8221; background_repeat=&#8221;repeat&#8221; global_colors_info=&#8221;{}&#8221;][et_pb_column type=&#8221;1_2&#8243; _builder_version=&#8221;4.16&#8243; custom_padding=&#8221;|||&#8221; global_colors_info=&#8221;{}&#8221; custom_padding__hover=&#8221;|||&#8221;][et_pb_text _builder_version=&#8221;4.23&#8243; _module_preset=&#8221;default&#8221; text_orientation=&#8221;center&#8221; max_width=&#8221;300px&#8221; module_alignment=&#8221;center&#8221; global_colors_info=&#8221;{}&#8221;]<\/p>\n<p>Luk\u00e1cs Gy\u00f6rgy<br \/><em>szakpolitikai munkat\u00e1rs<\/em><\/p>\n<p>[\/et_pb_text][\/et_pb_column][et_pb_column type=&#8221;1_2&#8243; _builder_version=&#8221;4.16&#8243; custom_padding=&#8221;|||&#8221; global_colors_info=&#8221;{}&#8221; custom_padding__hover=&#8221;|||&#8221;][et_pb_text _builder_version=&#8221;4.23&#8243; _module_preset=&#8221;default&#8221; text_orientation=&#8221;center&#8221; max_width=&#8221;300px&#8221; module_alignment=&#8221;center&#8221; global_colors_info=&#8221;{}&#8221;]<\/p>\n<p>Szegfalvi Zsolt<br \/><em>\u00fcgyvezet\u0151 igazgat\u00f3<\/em><\/p>\n<p>[\/et_pb_text][\/et_pb_column][\/et_pb_row][\/et_pb_section][et_pb_section fb_built=&#8221;1&#8243; _builder_version=&#8221;4.16&#8243; global_colors_info=&#8221;{}&#8221;][\/et_pb_section][et_pb_section fb_built=&#8221;1&#8243; _builder_version=&#8221;4.16&#8243; custom_margin=&#8221;0px||||false|false&#8221; custom_padding=&#8221;0px||||false|false&#8221; global_colors_info=&#8221;{}&#8221;][et_pb_row _builder_version=&#8221;4.16&#8243; custom_margin=&#8221;0px||0px||false|false&#8221; custom_padding=&#8221;0px||0px||false|false&#8221; global_colors_info=&#8221;{}&#8221;][et_pb_column type=&#8221;4_4&#8243; _builder_version=&#8221;4.16&#8243; global_colors_info=&#8221;{}&#8221;][et_pb_text _builder_version=&#8221;4.23&#8243; text_font_size=&#8221;15px&#8221; header_line_height=&#8221;1.1em&#8221; header_2_line_height=&#8221;1.1em&#8221; header_3_font=&#8221;|600||on|||||&#8221; header_3_text_color=&#8221;#c4d600&#8243; header_3_line_height=&#8221;1.1em&#8221; header_4_line_height=&#8221;1.2em&#8221; global_colors_info=&#8221;{}&#8221;]<\/p>\n<h3>Fejezetek<\/h3>\n<p>[\/et_pb_text][\/et_pb_column][\/et_pb_row][et_pb_row column_structure=&#8221;1_3,1_3,1_3&#8243; make_equal=&#8221;on&#8221; _builder_version=&#8221;4.16&#8243; global_colors_info=&#8221;{}&#8221;][et_pb_column type=&#8221;1_3&#8243; _builder_version=&#8221;4.16&#8243; global_colors_info=&#8221;{}&#8221;][et_pb_text admin_label=&#8221;Kgvet\u00e9s&#8221; _builder_version=&#8221;4.23&#8243; text_font_size=&#8221;15px&#8221; header_line_height=&#8221;1.1em&#8221; header_2_line_height=&#8221;1.1em&#8221; header_3_line_height=&#8221;1.1em&#8221; header_4_font=&#8221;|600||on|||||&#8221; header_4_line_height=&#8221;1.2em&#8221; background_color=&#8221;#385988&#8243; background_layout=&#8221;dark&#8221; min_height=&#8221;200px&#8221; custom_padding=&#8221;1.5em|1.5em|1.5em|1.5em|true|false&#8221; link_option_url=&#8221;https:\/\/habitat.hu\/sites\/lakhatasi-jelentes-2023\/szakpolitikak-es-koltsegvetes\/&#8221; link_option_url_new_window=&#8221;on&#8221; border_radii=&#8221;on|3px|3px|3px|3px&#8221; box_shadow_style=&#8221;preset1&#8243; global_colors_info=&#8221;{}&#8221; background__hover_enabled=&#8221;on|hover&#8221; background_color__hover=&#8221;rgba(56,89,136,0.7)&#8221; background_enable_color__hover=&#8221;on&#8221;]<\/p>\n<div style=\"position: relative; min-height: 200px;\">\n<h4 style=\"text-align: left;\">Korm\u00e1nyzati szakpolitik\u00e1k \u00e9s k\u00f6lts\u00e9gvet\u00e9si kiad\u00e1sok<\/h4>\n<div style=\"position: absolute; bottom: 0;\">\n<p style=\"text-align: right;\">Czirfusz M\u00e1rton <em>(Perif\u00e9ria K\u00f6zpolitikai \u00e9s Kutat\u00f3k\u00f6zpont)<\/em><\/p>\n<\/div>\n<\/div>\n<p>[\/et_pb_text][\/et_pb_column][et_pb_column type=&#8221;1_3&#8243; _builder_version=&#8221;4.16&#8243; global_colors_info=&#8221;{}&#8221;][et_pb_text admin_label=&#8221;Megfiz&#8221; _builder_version=&#8221;4.23&#8243; text_font_size=&#8221;15px&#8221; header_line_height=&#8221;1.1em&#8221; header_2_line_height=&#8221;1.1em&#8221; header_3_line_height=&#8221;1.1em&#8221; header_4_font=&#8221;|600||on|||||&#8221; header_4_line_height=&#8221;1.2em&#8221; background_color=&#8221;#a4343a&#8221; background_layout=&#8221;dark&#8221; min_height=&#8221;200px&#8221; custom_padding=&#8221;1.5em|1.5em|1.5em|1.5em|true|false&#8221; link_option_url=&#8221;https:\/\/habitat.hu\/sites\/lakhatasi-jelentes-2023\/megfizethetoseg\/&#8221; link_option_url_new_window=&#8221;on&#8221; hover_enabled=&#8221;0&#8243; border_radii=&#8221;on|3px|3px|3px|3px&#8221; box_shadow_style=&#8221;preset1&#8243; global_colors_info=&#8221;{}&#8221; background__hover_enabled=&#8221;on|hover&#8221; background_color__hover=&#8221;rgba(164,52,58,0.7)&#8221; background_enable_color__hover=&#8221;on&#8221; sticky_enabled=&#8221;0&#8243;]<\/p>\n<div style=\"position: relative; min-height: 200px;\">\n<h4 style=\"text-align: left;\">Megfizethet\u0151s\u00e9g<\/h4>\n<div style=\"position: absolute; bottom: 0;\">\n<p style=\"text-align: right;\">\u00c1mon Katalin <em>(Central European University)<\/em><\/p>\n<\/div>\n<\/div>\n<p>[\/et_pb_text][\/et_pb_column][et_pb_column type=&#8221;1_3&#8243; _builder_version=&#8221;4.16&#8243; global_colors_info=&#8221;{}&#8221;][et_pb_text admin_label=&#8221;Energia&#8221; _builder_version=&#8221;4.23&#8243; text_font_size=&#8221;15px&#8221; header_line_height=&#8221;1.1em&#8221; header_2_line_height=&#8221;1.1em&#8221; header_3_line_height=&#8221;1.1em&#8221; header_4_font=&#8221;|600||on|||||&#8221; header_4_line_height=&#8221;1.2em&#8221; background_color=&#8221;#43b02a&#8221; background_layout=&#8221;dark&#8221; min_height=&#8221;200px&#8221; custom_padding=&#8221;1.5em|1.5em|1.5em|1.5em|true|false&#8221; link_option_url=&#8221;https:\/\/habitat.hu\/sites\/lakhatasi-jelentes-2023\/szocialis-klimapolitika\/&#8221; link_option_url_new_window=&#8221;on&#8221; hover_enabled=&#8221;0&#8243; border_radii=&#8221;on|3px|3px|3px|3px&#8221; box_shadow_style=&#8221;preset1&#8243; global_colors_info=&#8221;{}&#8221; background__hover_enabled=&#8221;on|hover&#8221; background_color__hover=&#8221;rgba(67,176,42,0.7)&#8221; background_enable_color__hover=&#8221;on&#8221; sticky_enabled=&#8221;0&#8243;]<\/p>\n<div style=\"position: relative; min-height: 200px;\">\n<h4 style=\"text-align: left;\">Egy szoci\u00e1lis kl\u00edmapolitika lehet\u0151s\u00e9gei az energiav\u00e1ls\u00e1g ut\u00e1n<\/h4>\n<div style=\"position: absolute; bottom: 0;\">\n<p style=\"text-align: right;\">Korit\u00e1r Zsuzsa \u00e9s Feldm\u00e1r N\u00f3ra<\/p>\n<\/div>\n<\/div>\n<p>[\/et_pb_text][\/et_pb_column][\/et_pb_row][et_pb_row column_structure=&#8221;1_3,1_3,1_3&#8243; make_equal=&#8221;on&#8221; _builder_version=&#8221;4.16&#8243; global_colors_info=&#8221;{}&#8221;][et_pb_column type=&#8221;1_3&#8243; _builder_version=&#8221;4.16&#8243; global_colors_info=&#8221;{}&#8221;][\/et_pb_column][et_pb_column type=&#8221;1_3&#8243; _builder_version=&#8221;4.16&#8243; global_colors_info=&#8221;{}&#8221;][\/et_pb_column][et_pb_column type=&#8221;1_3&#8243; _builder_version=&#8221;4.16&#8243; global_colors_info=&#8221;{}&#8221;][\/et_pb_column][\/et_pb_row][\/et_pb_section]<\/p>\n","protected":false},"excerpt":{"rendered":"<p>Kedves Olvas\u00f3! A Habitat for Humanity Magyarorsz\u00e1g 1996 \u00f3ta m\u0171k\u00f6dik Magyarorsz\u00e1gon. Tev\u00e9kenys\u00e9geink h\u00e1rom f\u0151 csoportba sorolhat\u00f3k: a) k\u00f6zvetlen seg\u00edts\u00e9gny\u00fajt\u00e1s \u2013 orsz\u00e1gszerte t\u00e1mogatunk h\u00e1ztart\u00e1sokat \u00e9letk\u00f6r\u00fclm\u00e9nyeik jav\u00edt\u00e1s\u00e1ban;b) szakpolitikai munka \u2013 lakhat\u00e1ssal, energiaszeg\u00e9nys\u00e9ggel kapcsolatos kutat\u00e1sok, elemz\u00e9sek, tanulm\u00e1nyok \u00e9s javaslatok; valamintc) a lakhat\u00e1s k\u00e9rd\u00e9sk\u00f6r\u00e9nek t\u00e1rsadalmas\u00edt\u00e1sa. A szakpolitikai munk\u00e1nk r\u00e9szek\u00e9nt 2012 \u00f3ta, imm\u00e1ron tizenkettedik alkalommal adunk ki \u00e9ves jelent\u00e9st a [&hellip;]<\/p>\n","protected":false},"author":1,"featured_media":15,"parent":0,"menu_order":0,"comment_status":"closed","ping_status":"open","template":"","meta":{"_et_pb_use_builder":"on","_et_pb_old_content":"<!-- wp:paragraph -->\r\n<p>This is an example page. It's different from a blog post because it will stay in one place and will show up in your site navigation (in most themes). Most people start with an About page that introduces them to potential site visitors. It might say something like this:<\/p>\r\n<!-- \/wp:paragraph --><!-- wp:quote -->\r\n<blockquote class=\"wp-block-quote\">\r\n<p>Hi there! I'm a bike messenger by day, aspiring actor by night, and this is my website. I live in Los Angeles, have a great dog named Jack, and I like pi\u00f1a coladas. (And gettin' caught in the rain.)<\/p>\r\n<\/blockquote>\r\n<!-- \/wp:quote --><!-- wp:paragraph -->\r\n<p>...or something like this:<\/p>\r\n<!-- \/wp:paragraph --><!-- wp:quote -->\r\n<blockquote class=\"wp-block-quote\">\r\n<p>The XYZ Doohickey Company was founded in 1971, and has been providing quality doohickeys to the public ever since. Located in Gotham City, XYZ employs over 2,000 people and does all kinds of awesome things for the Gotham community.<\/p>\r\n<\/blockquote>\r\n<!-- \/wp:quote --><!-- wp:paragraph -->\r\n<p>As a new WordPress user, you should go to <a href=\"https:\/\/habitat.hu\/sites\/lakhatasi-jelentes-2023\/wp-admin\/\">your dashboard<\/a> to delete this page and create new pages for your content. Have fun!<\/p>\r\n<!-- \/wp:paragraph -->","_et_gb_content_width":"","footnotes":""},"class_list":["post-2","page","type-page","status-publish","has-post-thumbnail","hentry"],"_links":{"self":[{"href":"https:\/\/habitat.hu\/sites\/lakhatasi-jelentes-2023\/wp-json\/wp\/v2\/pages\/2","targetHints":{"allow":["GET"]}}],"collection":[{"href":"https:\/\/habitat.hu\/sites\/lakhatasi-jelentes-2023\/wp-json\/wp\/v2\/pages"}],"about":[{"href":"https:\/\/habitat.hu\/sites\/lakhatasi-jelentes-2023\/wp-json\/wp\/v2\/types\/page"}],"author":[{"embeddable":true,"href":"https:\/\/habitat.hu\/sites\/lakhatasi-jelentes-2023\/wp-json\/wp\/v2\/users\/1"}],"replies":[{"embeddable":true,"href":"https:\/\/habitat.hu\/sites\/lakhatasi-jelentes-2023\/wp-json\/wp\/v2\/comments?post=2"}],"version-history":[{"count":9,"href":"https:\/\/habitat.hu\/sites\/lakhatasi-jelentes-2023\/wp-json\/wp\/v2\/pages\/2\/revisions"}],"predecessor-version":[{"id":145,"href":"https:\/\/habitat.hu\/sites\/lakhatasi-jelentes-2023\/wp-json\/wp\/v2\/pages\/2\/revisions\/145"}],"wp:featuredmedia":[{"embeddable":true,"href":"https:\/\/habitat.hu\/sites\/lakhatasi-jelentes-2023\/wp-json\/wp\/v2\/media\/15"}],"wp:attachment":[{"href":"https:\/\/habitat.hu\/sites\/lakhatasi-jelentes-2023\/wp-json\/wp\/v2\/media?parent=2"}],"curies":[{"name":"wp","href":"https:\/\/api.w.org\/{rel}","templated":true}]}}