{"id":2,"date":"2023-11-06T06:51:42","date_gmt":"2023-11-06T06:51:42","guid":{"rendered":"https:\/\/habitat.hu\/sites\/lakhatasi-jelentes-2025\/?page_id=2"},"modified":"2025-11-26T11:00:14","modified_gmt":"2025-11-26T10:00:14","slug":"bevezeto","status":"publish","type":"page","link":"https:\/\/habitat.hu\/sites\/lakhatasi-jelentes-2025\/","title":{"rendered":"Bevezet\u0151"},"content":{"rendered":"<p>[et_pb_section fb_built=&#8221;1&#8243; fullwidth=&#8221;on&#8221; _builder_version=&#8221;4.16&#8243; global_colors_info=&#8221;{}&#8221;][et_pb_fullwidth_slider show_arrows=&#8221;off&#8221; show_pagination=&#8221;off&#8221; _builder_version=&#8221;4.16&#8243; custom_padding=&#8221;5%||5%||false|false&#8221; global_colors_info=&#8221;{}&#8221;][et_pb_slide heading=&#8221;Bevezet\u0151&#8221; use_bg_overlay=&#8221;off&#8221; use_text_overlay=&#8221;off&#8221; _builder_version=&#8221;4.16&#8243; header_font=&#8221;|800||on|||||&#8221; header_font_size=&#8221;55px&#8221; background_color=&#8221;#c4d600&#8243; background_enable_color=&#8221;on&#8221; background_enable_image=&#8221;off&#8221; background_blend=&#8221;darken&#8221; button_on_hover=&#8221;on&#8221; child_mix_blend_mode=&#8221;darken&#8221; header_font_size_tablet=&#8221;45px&#8221; header_font_size_phone=&#8221;35px&#8221; header_font_size_last_edited=&#8221;on|phone&#8221; global_colors_info=&#8221;{}&#8221; sticky_transition=&#8221;on&#8221;][\/et_pb_slide][\/et_pb_fullwidth_slider][\/et_pb_section][et_pb_section fb_built=&#8221;1&#8243; _builder_version=&#8221;4.16&#8243; background_color=&#8221;rgba(196,214,0,0.1)&#8221; global_colors_info=&#8221;{}&#8221;][et_pb_row make_equal=&#8221;on&#8221; _builder_version=&#8221;4.16&#8243; background_size=&#8221;initial&#8221; background_position=&#8221;top_left&#8221; background_repeat=&#8221;repeat&#8221; global_colors_info=&#8221;{}&#8221;][et_pb_column type=&#8221;4_4&#8243; _builder_version=&#8221;4.16&#8243; custom_padding=&#8221;|||&#8221; global_colors_info=&#8221;{}&#8221; custom_padding__hover=&#8221;|||&#8221;][et_pb_text disabled_on=&#8221;off|off|off&#8221; _builder_version=&#8221;4.27.4&#8243; text_font_size=&#8221;15px&#8221; header_line_height=&#8221;1.1em&#8221; header_2_line_height=&#8221;1.1em&#8221; header_3_font=&#8221;|600||on|||||&#8221; header_3_text_color=&#8221;#c4d600&#8243; header_3_line_height=&#8221;1.1em&#8221; header_4_line_height=&#8221;1.2em&#8221; z_index_tablet=&#8221;500&#8243; text_text_shadow_horizontal_length_tablet=&#8221;0px&#8221; text_text_shadow_vertical_length_tablet=&#8221;0px&#8221; text_text_shadow_blur_strength_tablet=&#8221;1px&#8221; link_text_shadow_horizontal_length_tablet=&#8221;0px&#8221; link_text_shadow_vertical_length_tablet=&#8221;0px&#8221; link_text_shadow_blur_strength_tablet=&#8221;1px&#8221; ul_text_shadow_horizontal_length_tablet=&#8221;0px&#8221; ul_text_shadow_vertical_length_tablet=&#8221;0px&#8221; ul_text_shadow_blur_strength_tablet=&#8221;1px&#8221; ol_text_shadow_horizontal_length_tablet=&#8221;0px&#8221; ol_text_shadow_vertical_length_tablet=&#8221;0px&#8221; ol_text_shadow_blur_strength_tablet=&#8221;1px&#8221; quote_text_shadow_horizontal_length_tablet=&#8221;0px&#8221; quote_text_shadow_vertical_length_tablet=&#8221;0px&#8221; quote_text_shadow_blur_strength_tablet=&#8221;1px&#8221; header_text_shadow_horizontal_length_tablet=&#8221;0px&#8221; header_text_shadow_vertical_length_tablet=&#8221;0px&#8221; header_text_shadow_blur_strength_tablet=&#8221;1px&#8221; header_2_text_shadow_horizontal_length_tablet=&#8221;0px&#8221; header_2_text_shadow_vertical_length_tablet=&#8221;0px&#8221; header_2_text_shadow_blur_strength_tablet=&#8221;1px&#8221; header_3_text_shadow_horizontal_length_tablet=&#8221;0px&#8221; header_3_text_shadow_vertical_length_tablet=&#8221;0px&#8221; header_3_text_shadow_blur_strength_tablet=&#8221;1px&#8221; header_4_text_shadow_horizontal_length_tablet=&#8221;0px&#8221; header_4_text_shadow_vertical_length_tablet=&#8221;0px&#8221; header_4_text_shadow_blur_strength_tablet=&#8221;1px&#8221; header_5_text_shadow_horizontal_length_tablet=&#8221;0px&#8221; header_5_text_shadow_vertical_length_tablet=&#8221;0px&#8221; header_5_text_shadow_blur_strength_tablet=&#8221;1px&#8221; header_6_text_shadow_horizontal_length_tablet=&#8221;0px&#8221; header_6_text_shadow_vertical_length_tablet=&#8221;0px&#8221; header_6_text_shadow_blur_strength_tablet=&#8221;1px&#8221; box_shadow_horizontal_tablet=&#8221;0px&#8221; box_shadow_vertical_tablet=&#8221;0px&#8221; box_shadow_blur_tablet=&#8221;40px&#8221; box_shadow_spread_tablet=&#8221;0px&#8221; global_colors_info=&#8221;{}&#8221;]<\/p>\n<h3>Kedves Olvas\u00f3!<\/h3>\n<p>A Habitat for Humanity 1996 \u00f3ta dolgozik Magyarorsz\u00e1gon az\u00e9rt, hogy min\u00e9l t\u00f6bb ember sz\u00e1m\u00e1ra legyen el\u00e9rhet\u0151 a m\u00e9lt\u00f3, min\u0151s\u00e9gi, biztons\u00e1gos \u00e9s megfizethet\u0151 otthon.<\/p>\n<p>Szakmai munk\u00e1nk egyik emblematikus eleme \u00e9ves jelent\u00e9s\u00fcnk a lakhat\u00e1si szeg\u00e9nys\u00e9gr\u0151l, melyet 2012 \u00f3ta \u00e1ll\u00edtunk \u00f6ssze \u00e9s adunk ki koll\u00e9g\u00e1ink, valamint k\u00fcls\u0151 szak\u00e9rt\u0151k munk\u00e1ja eredm\u00e9nyek\u00e9nt. Hagyom\u00e1nyosan minden \u00e9vben \u00e1ttekintj\u00fck a lakhat\u00e1ssal kapcsolatos korm\u00e1nyzati int\u00e9zked\u00e9seket, elemezz\u00fck a k\u00f6lts\u00e9gvet\u00e9s vonatkoz\u00f3 kiad\u00e1sait, tov\u00e1bb\u00e1 bemutatjuk, hogyan alakul a lakhat\u00e1s megfizethet\u0151s\u00e9ge. Emellett r\u00e9szletesen feldolgozunk egy-egy aktu\u00e1lis \u00e9s \u00fajszer\u0171 t\u00e9m\u00e1t azzal a c\u00e9llal, hogy kapcsol\u00f3d\u00f3 javaslataink t\u00e1mpontot adjanak a lakhat\u00e1si szeg\u00e9nys\u00e9g cs\u00f6kkent\u00e9s\u00e9t c\u00e9lz\u00f3 korm\u00e1nyzati vagy \u00f6nkorm\u00e1nyzati programok tervez\u00e9s\u00e9hez.<\/p>\n<p>Kor\u00e1bban a lakhat\u00e1s struktur\u00e1lis probl\u00e9m\u00e1i els\u0151sorban szakmai p\u00e1rbesz\u00e9dekben jelentek meg, azonban az elm\u00falt \u00e9vekben a lak\u00e1s\u00e1rak \u00e9s a b\u00e9rleti d\u00edjak drasztikus emelked\u00e9se miatt a k\u00f6zbesz\u00e9d egyik k\u00f6zponti elem\u00e9v\u00e9 v\u00e1ltak. A korm\u00e1nyzati kommunik\u00e1ci\u00f3ban is megjelent a lakhat\u00e1si v\u00e1ls\u00e1g fogalma, \u00e9s ezzel \u00f6sszef\u00fcgg\u00e9sben 2024 november\u00e9ben bejelent\u00e9sre ker\u00fclt egy gazdas\u00e1gpolitikai akci\u00f3terv, melynek t\u00f6bb eleme c\u00e9lozza a lakhat\u00e1s megfizethet\u0151s\u00e9g\u00e9t. Elemz\u00e9s\u00fcnkben az int\u00e9zked\u00e9scsomag \u00e9s a k\u00f6lts\u00e9gvet\u00e9si kiad\u00e1sok s\u00falypontjai alapj\u00e1n r\u00e1mutatunk, hogy a jelenlegi \u2013 t\u00falnyom\u00f3r\u00e9szt kereslet\u00e9l\u00e9nk\u00edt\u0151 \u2013 lak\u00e1spolitikai eszk\u00f6zt\u00e1r nem r\u00e1szorults\u00e1g alapon c\u00e9lzott, nem f\u00f3kusz\u00e1l a s\u00e9r\u00fcl\u00e9keny csoportokra, \u00e9s \u00f6sszess\u00e9g\u00e9ben nem seg\u00edti a lakhat\u00e1si szeg\u00e9nys\u00e9g felsz\u00e1mol\u00e1s\u00e1t.<\/p>\n<p>A megfizethet\u0151s\u00e9gi probl\u00e9m\u00e1kkal kapcsolatos okok felt\u00e1r\u00e1sa mellett k\u00fcl\u00f6n figyelmet szentel\u00fcnk a k\u00f6vetkezm\u00e9nyek \u00e9s a kock\u00e1zatok bemutat\u00e1s\u00e1ra. K\u00e9t r\u00f6vid esettanulm\u00e1nyban is szeml\u00e9ltetj\u00fck, hogyan s\u00falyosb\u00edthatj\u00e1k a lakhat\u00e1si szeg\u00e9nys\u00e9get azok az eszk\u00f6z\u00f6k, amelyek nem a s\u00e9r\u00fcl\u00e9keny csoportokra szabottak. V\u00e9g\u00fcl javaslatot adunk olyan int\u00e9zked\u00e9sekre, melyek val\u00f3s javul\u00e1st hozn\u00e1nak a lakhat\u00e1s megfizethet\u0151s\u00e9g\u00e9ben.<\/p>\n<p>Idei kiadv\u00e1nyunkb\u00f3l az is kider\u00fcl, hogy a Falusi LakHat\u00e1s programunk t\u00f6bb\u00e9ves tapasztalatai alapj\u00e1n milyen szempontok ment\u00e9n alak\u00edtan\u00e1nk ki egy orsz\u00e1gos \u00e9p\u00fcletfel\u00faj\u00edt\u00e1si t\u00e1mogat\u00e1si program felt\u00e9telrendszer\u00e9t, valamint a megval\u00f3s\u00edt\u00e1st seg\u00edt\u0151 egyablakos t\u00e1mogat\u00f3i modellt. Arra is r\u00e1vil\u00e1g\u00edtunk, ez hogyan seg\u00edten\u00e9 ez az energiaszeg\u00e9nys\u00e9gben \u00e9l\u0151ket, mi a jelent\u0151s\u00e9ge a kl\u00edmav\u00e1ltoz\u00e1sb\u00f3l fakad\u00f3 t\u00e1rsadalmi kih\u00edv\u00e1sok igazs\u00e1gos kezel\u00e9s\u00e9ben, \u00e9s hogyan j\u00e1rulna hozz\u00e1 Magyarorsz\u00e1g v\u00e1llalt kl\u00edmac\u00e9ljainak el\u00e9r\u00e9s\u00e9hez.<\/p>\n<p>B\u00edzunk benne, hogy a lakhat\u00e1s t\u00e9m\u00e1ja ir\u00e1nt \u00e9rdekl\u0151d\u0151k id\u00e9n is hasznos inform\u00e1ci\u00f3kat \u00e9s elgondolkodtat\u00f3 meg\u00e1llap\u00edt\u00e1sokat tal\u00e1lnak jelent\u00e9s\u00fcnkben. Rem\u00e9lj\u00fck, az itt megfogalmazott javaslatok, aj\u00e1nl\u00e1sok hozz\u00e1j\u00e1rulnak egy m\u00e9lt\u00e1nyos \u00e9s szolid\u00e1ris lak\u00e1spolitika kialak\u00edt\u00e1s\u00e1hoz, \u00e9s \u00f6sszess\u00e9g\u00e9ben ahhoz a hossz\u00fa t\u00e1v\u00fa c\u00e9lunkhoz, hogy mindenki m\u00e9lt\u00f3, min\u0151s\u00e9gi, biztons\u00e1gos, megfizethet\u0151 otthonban \u00e9lhessen.<\/p>\n<p>A kiadv\u00e1ny szerz\u0151inek \u00e9s minden k\u00f6zrem\u0171k\u00f6d\u0151j\u00e9nek nev\u00e9ben k\u00f6sz\u00f6n\u00f6m megtisztel\u0151 figyelm\u00fcket a munk\u00e1nk ir\u00e1nt, \u00e9s j\u00f3 olvas\u00e1st k\u00edv\u00e1nok!<\/p>\n<p>[\/et_pb_text][\/et_pb_column][\/et_pb_row][et_pb_row column_structure=&#8221;1_2,1_2&#8243; make_equal=&#8221;on&#8221; _builder_version=&#8221;4.16&#8243; background_size=&#8221;initial&#8221; background_position=&#8221;top_left&#8221; background_repeat=&#8221;repeat&#8221; global_colors_info=&#8221;{}&#8221;][et_pb_column type=&#8221;1_2&#8243; _builder_version=&#8221;4.16&#8243; custom_padding=&#8221;|||&#8221; global_colors_info=&#8221;{}&#8221; custom_padding__hover=&#8221;|||&#8221;][\/et_pb_column][et_pb_column type=&#8221;1_2&#8243; _builder_version=&#8221;4.16&#8243; custom_padding=&#8221;|||&#8221; global_colors_info=&#8221;{}&#8221; custom_padding__hover=&#8221;|||&#8221;][et_pb_text disabled_on=&#8221;off|off|off&#8221; _builder_version=&#8221;4.27.4&#8243; _module_preset=&#8221;default&#8221; text_orientation=&#8221;center&#8221; max_width=&#8221;300px&#8221; module_alignment=&#8221;center&#8221; global_colors_info=&#8221;{}&#8221;]<\/p>\n<p>Illy\u00e9s T\u00edmea<br \/>Habitat for Humanity Magyarorsz\u00e1g<br \/><em>\u00fcgyvezet\u0151 igazgat\u00f3<\/em><\/p>\n<p>[\/et_pb_text][\/et_pb_column][\/et_pb_row][\/et_pb_section][et_pb_section fb_built=&#8221;1&#8243; _builder_version=&#8221;4.16&#8243; global_colors_info=&#8221;{}&#8221;][\/et_pb_section][et_pb_section fb_built=&#8221;1&#8243; _builder_version=&#8221;4.16&#8243; custom_margin=&#8221;0px||||false|false&#8221; custom_padding=&#8221;0px||||false|false&#8221; global_colors_info=&#8221;{}&#8221;][et_pb_row _builder_version=&#8221;4.16&#8243; custom_margin=&#8221;0px||0px||false|false&#8221; custom_padding=&#8221;0px||0px||false|false&#8221; global_colors_info=&#8221;{}&#8221;][et_pb_column type=&#8221;4_4&#8243; _builder_version=&#8221;4.16&#8243; global_colors_info=&#8221;{}&#8221;][et_pb_text _builder_version=&#8221;4.23&#8243; text_font_size=&#8221;15px&#8221; header_line_height=&#8221;1.1em&#8221; header_2_line_height=&#8221;1.1em&#8221; header_3_font=&#8221;|600||on|||||&#8221; header_3_text_color=&#8221;#c4d600&#8243; header_3_line_height=&#8221;1.1em&#8221; header_4_line_height=&#8221;1.2em&#8221; global_colors_info=&#8221;{}&#8221;]<\/p>\n<h3>Fejezetek<\/h3>\n<p>[\/et_pb_text][\/et_pb_column][\/et_pb_row][et_pb_row column_structure=&#8221;1_3,1_3,1_3&#8243; make_equal=&#8221;on&#8221; _builder_version=&#8221;4.16&#8243; global_colors_info=&#8221;{}&#8221;][et_pb_column type=&#8221;1_3&#8243; _builder_version=&#8221;4.16&#8243; global_colors_info=&#8221;{}&#8221;][et_pb_text admin_label=&#8221;Kgvet\u00e9s&#8221; _builder_version=&#8221;4.27.4&#8243; text_font_size=&#8221;15px&#8221; header_line_height=&#8221;1.1em&#8221; header_2_line_height=&#8221;1.1em&#8221; header_3_line_height=&#8221;1.1em&#8221; header_4_font=&#8221;|600||on|||||&#8221; header_4_line_height=&#8221;1.2em&#8221; background_color=&#8221;#385988&#8243; background_layout=&#8221;dark&#8221; min_height=&#8221;200px&#8221; custom_padding=&#8221;1.5em|1.5em|1.5em|1.5em|true|false&#8221; link_option_url_new_window=&#8221;on&#8221; hover_enabled=&#8221;0&#8243; border_radii=&#8221;on|3px|3px|3px|3px&#8221; box_shadow_style=&#8221;preset1&#8243; global_colors_info=&#8221;{}&#8221; background__hover_enabled=&#8221;on|hover&#8221; background_color__hover=&#8221;rgba(56,89,136,0.7)&#8221; background_enable_color__hover=&#8221;on&#8221; link_option_url=&#8221;https:\/\/habitat.hu\/sites\/lakhatasi-jelentes-2025\/lakaspolitikak-es-koltsegvetes&#8221; sticky_enabled=&#8221;0&#8243;]<\/p>\n<div style=\"position: relative; min-height: 200px;\">\n<h4 style=\"text-align: left;\">Lak\u00e1spolitik\u00e1k \u00e9s k\u00f6lts\u00e9gvet\u00e9si kiad\u00e1sok<\/h4>\n<div style=\"position: absolute; bottom: 0;\">\n<p style=\"text-align: right;\">Czifrusz M\u00e1rton <em>(Perif\u00e9ria K\u00f6zpolitikai \u00e9s Kutat\u00f3k\u00f6zpont)<\/em><\/p>\n<\/div>\n<\/div>\n<p>[\/et_pb_text][\/et_pb_column][et_pb_column type=&#8221;1_3&#8243; _builder_version=&#8221;4.16&#8243; global_colors_info=&#8221;{}&#8221;][et_pb_text admin_label=&#8221;Megfizethet\u0151s\u00e9g&#8221; _builder_version=&#8221;4.27.4&#8243; text_font_size=&#8221;15px&#8221; header_line_height=&#8221;1.1em&#8221; header_2_line_height=&#8221;1.1em&#8221; header_3_line_height=&#8221;1.1em&#8221; header_4_font=&#8221;|600||on|||||&#8221; header_4_line_height=&#8221;1.2em&#8221; background_color=&#8221;#a4343a&#8221; background_layout=&#8221;dark&#8221; min_height=&#8221;200px&#8221; custom_padding=&#8221;1.5em|1.5em|1.5em|1.5em|true|false&#8221; link_option_url_new_window=&#8221;on&#8221; hover_enabled=&#8221;0&#8243; border_radii=&#8221;on|3px|3px|3px|3px&#8221; box_shadow_style=&#8221;preset1&#8243; global_colors_info=&#8221;{}&#8221; background__hover_enabled=&#8221;on|hover&#8221; background_color__hover=&#8221;rgba(164,52,58,0.7)&#8221; background_enable_color__hover=&#8221;on&#8221; link_option_url=&#8221;https:\/\/habitat.hu\/sites\/lakhatasi-jelentes-2025\/megfizethetoseg&#8221; sticky_enabled=&#8221;0&#8243;]<\/p>\n<div style=\"position: relative; min-height: 200px;\">\n<h4 style=\"text-align: left;\">Megfizethet\u0151s\u00e9g<\/h4>\n<div style=\"position: absolute; bottom: 0;\">\n<p style=\"text-align: right;\">\u00c1mon Katalin <em><\/em><\/p>\n<\/div>\n<\/div>\n<p>[\/et_pb_text][\/et_pb_column][et_pb_column type=&#8221;1_3&#8243; _builder_version=&#8221;4.16&#8243; global_colors_info=&#8221;{}&#8221;][et_pb_text admin_label=&#8221;T\u00e1mogat\u00e1sok&#8221; _builder_version=&#8221;4.27.4&#8243; text_font_size=&#8221;15px&#8221; header_line_height=&#8221;1.1em&#8221; header_2_line_height=&#8221;1.1em&#8221; header_3_line_height=&#8221;1.1em&#8221; header_4_font=&#8221;|600||on|||||&#8221; header_4_line_height=&#8221;1.2em&#8221; background_color=&#8221;#d39641&#8243; background_layout=&#8221;dark&#8221; min_height=&#8221;200px&#8221; custom_padding=&#8221;1.5em|1.5em|1.5em|1.5em|true|false&#8221; link_option_url=&#8221;https:\/\/habitat.hu\/sites\/lakhatasi-jelentes-2025\/tamogatasok\/&#8221; link_option_url_new_window=&#8221;on&#8221; border_radii=&#8221;on|3px|3px|3px|3px&#8221; box_shadow_style=&#8221;preset1&#8243; global_colors_info=&#8221;{}&#8221; background__hover_enabled=&#8221;on|hover&#8221; background_color__hover=&#8221;rgba(211,150,65,0.7)&#8221; background_enable_color__hover=&#8221;on&#8221;]<\/p>\n<div style=\"position: relative; min-height: 200px;\">\n<h4 style=\"text-align: left;\">Az energiaszeg\u00e9nys\u00e9g cs\u00f6kkent\u00e9se c\u00e9lzott fel\u00faj\u00edt\u00e1si programmal<\/h4>\n<div style=\"position: absolute; bottom: 0;\">\n<p style=\"text-align: right;\">Korit\u00e1r Zsuzsanna <em>(Habitat for Humanity Magyarorsz\u00e1g)<\/em><\/p>\n<\/div>\n<\/div>\n<p>[\/et_pb_text][\/et_pb_column][\/et_pb_row][\/et_pb_section]<\/p>\n","protected":false},"excerpt":{"rendered":"<p>Kedves Olvas\u00f3! A Habitat for Humanity 1996 \u00f3ta dolgozik Magyarorsz\u00e1gon az\u00e9rt, hogy min\u00e9l t\u00f6bb ember sz\u00e1m\u00e1ra legyen el\u00e9rhet\u0151 a m\u00e9lt\u00f3, min\u0151s\u00e9gi, biztons\u00e1gos \u00e9s megfizethet\u0151 otthon. Szakmai munk\u00e1nk egyik emblematikus eleme \u00e9ves jelent\u00e9s\u00fcnk a lakhat\u00e1si szeg\u00e9nys\u00e9gr\u0151l, melyet 2012 \u00f3ta \u00e1ll\u00edtunk \u00f6ssze \u00e9s adunk ki koll\u00e9g\u00e1ink, valamint k\u00fcls\u0151 szak\u00e9rt\u0151k munk\u00e1ja eredm\u00e9nyek\u00e9nt. Hagyom\u00e1nyosan minden \u00e9vben \u00e1ttekintj\u00fck a lakhat\u00e1ssal [&hellip;]<\/p>\n","protected":false},"author":1,"featured_media":15,"parent":0,"menu_order":0,"comment_status":"closed","ping_status":"open","template":"","meta":{"_et_pb_use_builder":"on","_et_pb_old_content":"<!-- wp:paragraph -->\r\n<p>This is an example page. It's different from a blog post because it will stay in one place and will show up in your site navigation (in most themes). Most people start with an About page that introduces them to potential site visitors. It might say something like this:<\/p>\r\n<!-- \/wp:paragraph --><!-- wp:quote -->\r\n<blockquote class=\"wp-block-quote\">\r\n<p>Hi there! I'm a bike messenger by day, aspiring actor by night, and this is my website. I live in Los Angeles, have a great dog named Jack, and I like pi\u00f1a coladas. (And gettin' caught in the rain.)<\/p>\r\n<\/blockquote>\r\n<!-- \/wp:quote --><!-- wp:paragraph -->\r\n<p>...or something like this:<\/p>\r\n<!-- \/wp:paragraph --><!-- wp:quote -->\r\n<blockquote class=\"wp-block-quote\">\r\n<p>The XYZ Doohickey Company was founded in 1971, and has been providing quality doohickeys to the public ever since. Located in Gotham City, XYZ employs over 2,000 people and does all kinds of awesome things for the Gotham community.<\/p>\r\n<\/blockquote>\r\n<!-- \/wp:quote --><!-- wp:paragraph -->\r\n<p>As a new WordPress user, you should go to <a href=\"https:\/\/habitat.hu\/sites\/lakhatasi-jelentes-2025\/wp-admin\/\">your dashboard<\/a> to delete this page and create new pages for your content. Have fun!<\/p>\r\n<!-- \/wp:paragraph -->","_et_gb_content_width":"","footnotes":""},"class_list":["post-2","page","type-page","status-publish","has-post-thumbnail","hentry"],"_links":{"self":[{"href":"https:\/\/habitat.hu\/sites\/lakhatasi-jelentes-2025\/wp-json\/wp\/v2\/pages\/2","targetHints":{"allow":["GET"]}}],"collection":[{"href":"https:\/\/habitat.hu\/sites\/lakhatasi-jelentes-2025\/wp-json\/wp\/v2\/pages"}],"about":[{"href":"https:\/\/habitat.hu\/sites\/lakhatasi-jelentes-2025\/wp-json\/wp\/v2\/types\/page"}],"author":[{"embeddable":true,"href":"https:\/\/habitat.hu\/sites\/lakhatasi-jelentes-2025\/wp-json\/wp\/v2\/users\/1"}],"replies":[{"embeddable":true,"href":"https:\/\/habitat.hu\/sites\/lakhatasi-jelentes-2025\/wp-json\/wp\/v2\/comments?post=2"}],"version-history":[{"count":28,"href":"https:\/\/habitat.hu\/sites\/lakhatasi-jelentes-2025\/wp-json\/wp\/v2\/pages\/2\/revisions"}],"predecessor-version":[{"id":528,"href":"https:\/\/habitat.hu\/sites\/lakhatasi-jelentes-2025\/wp-json\/wp\/v2\/pages\/2\/revisions\/528"}],"wp:featuredmedia":[{"embeddable":true,"href":"https:\/\/habitat.hu\/sites\/lakhatasi-jelentes-2025\/wp-json\/wp\/v2\/media\/15"}],"wp:attachment":[{"href":"https:\/\/habitat.hu\/sites\/lakhatasi-jelentes-2025\/wp-json\/wp\/v2\/media?parent=2"}],"curies":[{"name":"wp","href":"https:\/\/api.w.org\/{rel}","templated":true}]}}